{"id":98,"date":"2019-05-10T01:18:33","date_gmt":"2019-05-09T23:18:33","guid":{"rendered":"http:\/\/www.accion-habitat.org\/reportages-temoignages\/"},"modified":"2019-05-15T14:06:07","modified_gmt":"2019-05-15T12:06:07","slug":"reportages-temoignages","status":"publish","type":"page","link":"https:\/\/www.accion-habitat.org\/es\/reportages-temoignages\/","title":{"rendered":"Reportajes \/ Testimonios"},"content":{"rendered":"<div class=\"wpb-content-wrapper\"><p>[vc_row][vc_column][vc_column_text]Lorem ipsum dolor sit amet, consectetur adipiscing elit. Ut placerat tellus leo, eu lacinia enim suscipit ac. Phasellus volutpat vulputate efficitur. Fusce placerat, nisl ac tempus varius, diam odio fermentum diam, et sodales nulla diam in est. Sed non mauris pulvinar, gravida quam facilisis, pellentesque felis. Nulla cursus purus nibh, at aliquet elit finibus quis. Suspendisse a dignissim enim. Donec ac fermentum ipsum. Sed leo nulla, tempus eu purus a, luctus congue lectus. Nunc sagittis, magna quis accumsan ornare, dui nisi congue sem, vel pharetra sapien neque blandit justo. In erat metus, malesuada quis turpis vel, condimentum venenatis augue. Nullam vel quam cursus, blandit diam id, euismod velit. Mauris et commodo enim, eget tristique ante. Praesent molestie leo vitae ipsum aliquam laoreet.[\/vc_column_text][vc_empty_space]<style type=\"text\/css\" data-type=\"the7_shortcodes-inline-css\">.blog-shortcode.blog-masonry-shortcode-id-eb9d5da276407adce1af4e814576e909.dividers-on.classic-layout-list article {\n  padding-top: 0;\n}\n.blog-shortcode.blog-masonry-shortcode-id-eb9d5da276407adce1af4e814576e909.dividers-on.classic-layout-list article:first-of-type {\n  margin-top: 0;\n  padding-top: 0;\n}\n.blog-shortcode.blog-masonry-shortcode-id-eb9d5da276407adce1af4e814576e909.classic-layout-list.mode-list .post-entry-content {\n  width: calc(100% - );\n}\n.blog-shortcode.blog-masonry-shortcode-id-eb9d5da276407adce1af4e814576e909.classic-layout-list.mode-list .no-img .post-entry-content {\n  width: 100%;\n}\n.blog-shortcode.blog-masonry-shortcode-id-eb9d5da276407adce1af4e814576e909 .filter-bg-decoration .filter-categories a.act {\n  color: #fff;\n}\n.blog-shortcode.blog-masonry-shortcode-id-eb9d5da276407adce1af4e814576e909:not(.mode-masonry) article:first-of-type,\n.blog-shortcode.blog-masonry-shortcode-id-eb9d5da276407adce1af4e814576e909:not(.mode-masonry) article.visible.first:not(.product) {\n  margin-top: 0;\n}\n.blog-shortcode.blog-masonry-shortcode-id-eb9d5da276407adce1af4e814576e909.dividers-on:not(.mode-masonry) article {\n  margin-top: 0;\n}\n.blog-shortcode.blog-masonry-shortcode-id-eb9d5da276407adce1af4e814576e909.dividers-on:not(.mode-masonry) article:first-of-type,\n.blog-shortcode.blog-masonry-shortcode-id-eb9d5da276407adce1af4e814576e909.dividers-on:not(.mode-masonry) article.visible.first:not(.product) {\n  margin-top: 0;\n  padding-top: 0;\n}\n.blog-shortcode.blog-masonry-shortcode-id-eb9d5da276407adce1af4e814576e909 .post-thumbnail-wrap {\n  padding: 0px 0px 0px 0px;\n}\n.blog-shortcode.blog-masonry-shortcode-id-eb9d5da276407adce1af4e814576e909.enable-bg-rollover .post-thumbnail-rollover:after {\n  background: -webkit-linear-gradient();\n  background: linear-gradient();\n}\n.blog-shortcode.blog-masonry-shortcode-id-eb9d5da276407adce1af4e814576e909 .gallery-zoom-ico {\n  width: 44px;\n  height: 44px;\n  line-height: 44px;\n  border-radius: 100px;\n  margin: -22px 0 0 -22px;\n  border-width: 0px;\n  color: #ffffff;\n}\n.bottom-overlap-layout-list.blog-shortcode.blog-masonry-shortcode-id-eb9d5da276407adce1af4e814576e909 .gallery-zoom-ico {\n  margin-top: -72px;\n}\n.gradient-overlay-layout-list.blog-shortcode.blog-masonry-shortcode-id-eb9d5da276407adce1af4e814576e909 .gallery-zoom-ico,\n.content-rollover-layout-list.blog-shortcode.blog-masonry-shortcode-id-eb9d5da276407adce1af4e814576e909 .gallery-zoom-ico {\n  margin: 0 0 10px;\n}\n.content-align-center.gradient-overlay-layout-list.blog-shortcode.blog-masonry-shortcode-id-eb9d5da276407adce1af4e814576e909 .gallery-zoom-ico,\n.content-align-center.content-rollover-layout-list.blog-shortcode.blog-masonry-shortcode-id-eb9d5da276407adce1af4e814576e909 .gallery-zoom-ico {\n  margin: 0 auto 10px;\n}\n.dt-icon-bg-on.blog-shortcode.blog-masonry-shortcode-id-eb9d5da276407adce1af4e814576e909 .gallery-zoom-ico {\n  background: rgba(255,255,255,0.3);\n  box-shadow: none;\n}\n.blog-shortcode.blog-masonry-shortcode-id-eb9d5da276407adce1af4e814576e909 .gallery-zoom-ico > span,\n.blog-shortcode.blog-masonry-shortcode-id-eb9d5da276407adce1af4e814576e909 .gallery-zoom-ico:before {\n  font-size: 32px;\n  line-height: 44px;\n}\n.blog-shortcode.blog-masonry-shortcode-id-eb9d5da276407adce1af4e814576e909 .gallery-zoom-ico > span,\n.blog-shortcode.blog-masonry-shortcode-id-eb9d5da276407adce1af4e814576e909 .gallery-zoom-ico:before {\n  color: #ffffff;\n}\n.blog-shortcode.blog-masonry-shortcode-id-eb9d5da276407adce1af4e814576e909 .entry-title,\n.blog-shortcode.blog-masonry-shortcode-id-eb9d5da276407adce1af4e814576e909.owl-carousel .entry-title {\n  margin-bottom: 5px;\n  font-weight: bold;\n}\n.blog-shortcode.blog-masonry-shortcode-id-eb9d5da276407adce1af4e814576e909 .entry-meta {\n  margin-bottom: 15px;\n}\n.blog-shortcode.blog-masonry-shortcode-id-eb9d5da276407adce1af4e814576e909 .portfolio-categories {\n  margin-bottom: 15px;\n}\n.blog-shortcode.blog-masonry-shortcode-id-eb9d5da276407adce1af4e814576e909 .entry-excerpt {\n  margin-bottom: 5px;\n}\n.blog-shortcode.blog-masonry-shortcode-id-eb9d5da276407adce1af4e814576e909:not(.centered-layout-list) .post-entry-content {\n  padding: 25px 30px 30px 30px;\n}\n.blog-shortcode.blog-masonry-shortcode-id-eb9d5da276407adce1af4e814576e909:not(.centered-layout-list):not(.content-bg-on):not(.mode-list) .no-img .post-entry-content {\n  padding: 0;\n}\n@media screen and (max-width: ) {\n  .blog-shortcode.blog-masonry-shortcode-id-eb9d5da276407adce1af4e814576e909 article {\n    -ms-flex-flow: column nowrap;\n    flex-flow: column nowrap;\n    margin-top: 20px;\n  }\n  .blog-shortcode.blog-masonry-shortcode-id-eb9d5da276407adce1af4e814576e909.dividers-on article {\n    border: none;\n  }\n  .blog-shortcode.blog-masonry-shortcode-id-eb9d5da276407adce1af4e814576e909.content-bg-on.centered-layout-list article {\n    padding: 0;\n  }\n  .blog-shortcode.blog-masonry-shortcode-id-eb9d5da276407adce1af4e814576e909.blog-shortcode.dividers-on article,\n  .blog-shortcode.blog-masonry-shortcode-id-eb9d5da276407adce1af4e814576e909.dividers-on.classic-layout-list article {\n    margin-top: 20px;\n    padding: 0;\n  }\n  .blog-shortcode.blog-masonry-shortcode-id-eb9d5da276407adce1af4e814576e909.blog-shortcode.dividers-on article:first-of-type,\n  .blog-shortcode.blog-masonry-shortcode-id-eb9d5da276407adce1af4e814576e909.dividers-on.classic-layout-list article:first-of-type {\n    padding: 0;\n  }\n  #page .blog-shortcode.blog-masonry-shortcode-id-eb9d5da276407adce1af4e814576e909 .post-thumbnail-wrap,\n  #page .blog-shortcode.blog-masonry-shortcode-id-eb9d5da276407adce1af4e814576e909 .post-entry-content {\n    width: 100%;\n    margin: 0;\n    top: 0;\n  }\n  #page .blog-shortcode.blog-masonry-shortcode-id-eb9d5da276407adce1af4e814576e909 .post-thumbnail-wrap {\n    padding: 0;\n  }\n  #page .blog-shortcode.blog-masonry-shortcode-id-eb9d5da276407adce1af4e814576e909 .post-entry-content:after {\n    display: none;\n  }\n  #page .blog-shortcode.blog-masonry-shortcode-id-eb9d5da276407adce1af4e814576e909 .project-even .post-thumbnail-wrap,\n  #page .blog-shortcode.blog-masonry-shortcode-id-eb9d5da276407adce1af4e814576e909.centered-layout-list .post-thumbnail-wrap {\n    -ms-flex-order: 0;\n    order: 0;\n  }\n  #page .blog-shortcode.blog-masonry-shortcode-id-eb9d5da276407adce1af4e814576e909.centered-layout-list .post-entry-title-content {\n    -ms-flex-order: 1;\n    order: 1;\n    width: 100%;\n    padding: 20px 20px 0;\n  }\n  #page .blog-shortcode.blog-masonry-shortcode-id-eb9d5da276407adce1af4e814576e909.centered-layout-list .post-entry-content {\n    -ms-flex-order: 2;\n    order: 2;\n    padding-top: 0;\n  }\n  #page .blog-shortcode.blog-masonry-shortcode-id-eb9d5da276407adce1af4e814576e909 .fancy-categories {\n    top: 10px;\n    left: 10px;\n    bottom: auto;\n    right: auto;\n  }\n  #page .blog-shortcode.blog-masonry-shortcode-id-eb9d5da276407adce1af4e814576e909 .fancy-date a {\n    top: 10px;\n    right: 10px;\n    left: auto;\n    bottom: auto;\n  }\n  #page .blog-shortcode.blog-masonry-shortcode-id-eb9d5da276407adce1af4e814576e909 .post-entry-content {\n    padding: 20px;\n  }\n  #page .blog-shortcode.blog-masonry-shortcode-id-eb9d5da276407adce1af4e814576e909 .entry-title {\n    margin: 3px 0 5px;\n    font-size: 20px;\n    line-height: 26px;\n  }\n  #page .blog-shortcode.blog-masonry-shortcode-id-eb9d5da276407adce1af4e814576e909 .entry-meta {\n    margin: 5px 0 5px;\n  }\n  #page .blog-shortcode.blog-masonry-shortcode-id-eb9d5da276407adce1af4e814576e909 .entry-excerpt {\n    margin: 15px 0 0;\n  }\n  #page .blog-shortcode.blog-masonry-shortcode-id-eb9d5da276407adce1af4e814576e909 .post-details {\n    margin: 5px 0 10px;\n  }\n  #page .blog-shortcode.blog-masonry-shortcode-id-eb9d5da276407adce1af4e814576e909 .post-details.details-type-link {\n    margin-bottom: 2px;\n  }\n}\n<\/style><div class=\"blog-shortcode blog-masonry-shortcode-id-eb9d5da276407adce1af4e814576e909 mode-masonry classic-layout-list content-bg-on jquery-filter scale-img meta-info-off dt-icon-bg-off resize-by-browser-width loading-effect-none description-under-image \" data-padding=\"15px\" data-cur-page=\"1\" data-post-limit=\"-1\" data-pagination-mode=\"none\" data-desktop-columns-num=\"3\" data-v-tablet-columns-num=\"2\" data-h-tablet-columns-num=\"3\" data-phone-columns-num=\"1\" data-width=\"0px\" data-columns=\"0\"><div class=\"iso-container\" ><div class=\"visible wf-cell iso-item\" data-post-id=\"238\" data-date=\"2019-05-14T23:39:45+02:00\" data-name=\"Z\u00e9line Bellande\"><article class=\"post project-odd visible post-238 type-post status-publish format-standard has-post-thumbnail hentry category-testimonios category-9\" data-name=\"Z\u00e9line Bellande\" data-date=\"2019-05-14T23:39:45+02:00\">\n\n<div class=\"post-thumbnail-wrap\">\n\t<div class=\"post-thumbnail\">\n\t\t\n\t\t\n\t\t<a href=\"https:\/\/www.accion-habitat.org\/es\/temoignage-zeline\/\" class=\"post-thumbnail-rollover layzr-bg layzr-bg\" ><img class=\"iso-lazy-load preload-me iso-lazy-load aspect\" src=\"data:image\/svg+xml,%3Csvg%20xmlns%3D&#39;http%3A%2F%2Fwww.w3.org%2F2000%2Fsvg&#39;%20viewBox%3D&#39;0%200%20400%20266&#39;%2F%3E\" data-src=\"https:\/\/www.accion-habitat.org\/wp-content\/uploads\/2019\/05\/Almudena-Albert-Proto-1-Zeline-19-V.jpg\" data-srcset=\"https:\/\/www.accion-habitat.org\/wp-content\/uploads\/2019\/05\/Almudena-Albert-Proto-1-Zeline-19-V.jpg 400w\" loading=\"eager\" style=\"--ratio: 400 \/ 266\" sizes=\"(max-width: 400px) 100vw, 400px\" alt=\"\"  width=\"400\" height=\"266\"  \/><\/a>\t<\/div>\n<\/div>\n\n\n<div class=\"post-entry-content\">\n\n\t<h3 class=\"entry-title\">\n\t\t<a href=\"https:\/\/www.accion-habitat.org\/es\/temoignage-zeline\/\" title=\"Z\u00e9line Bellande\" rel=\"bookmark\">Z\u00e9line Bellande<\/a>\n\t<\/h3>\n\n\t\n\t<div class=\"entry-excerpt\"><p>Z\u00e9line fait partie du premier groupe de 24 artisans et artisanes de la construction form\u00e9s dans le cadre du projet \u00ab\u00a0Action pour l\u2019habitat\u00a0\u00bb<\/p>\n<\/div>\n\t\n<a href=\"https:\/\/www.accion-habitat.org\/es\/temoignage-zeline\/\" class=\"post-details details-type-link\" aria-label=\"Read more about Z\u00e9line Bellande\">Ver m\u00e1s<i class=\"dt-icon-the7-arrow-03\" aria-hidden=\"true\"><\/i><\/a>\n\n<\/div><\/article><\/div><div class=\"visible wf-cell iso-item\" data-post-id=\"237\" data-date=\"2019-05-14T23:37:30+02:00\" data-name=\"Prosper Jean-Pierre\"><article class=\"post project-odd visible post-237 type-post status-publish format-standard has-post-thumbnail hentry category-testimonios category-9\" data-name=\"Prosper Jean-Pierre\" data-date=\"2019-05-14T23:37:30+02:00\">\n\n<div class=\"post-thumbnail-wrap\">\n\t<div class=\"post-thumbnail\">\n\t\t\n\t\t\n\t\t<a href=\"https:\/\/www.accion-habitat.org\/es\/temoignage-prosper\/\" class=\"post-thumbnail-rollover layzr-bg layzr-bg\" ><img class=\"iso-lazy-load preload-me iso-lazy-load aspect\" src=\"data:image\/svg+xml,%3Csvg%20xmlns%3D&#39;http%3A%2F%2Fwww.w3.org%2F2000%2Fsvg&#39;%20viewBox%3D&#39;0%200%20400%20266&#39;%2F%3E\" data-src=\"https:\/\/www.accion-habitat.org\/wp-content\/uploads\/2019\/05\/Prosper_Ojucah_2-1.jpg\" data-srcset=\"https:\/\/www.accion-habitat.org\/wp-content\/uploads\/2019\/05\/Prosper_Ojucah_2-1.jpg 400w\" loading=\"eager\" style=\"--ratio: 400 \/ 266\" sizes=\"(max-width: 400px) 100vw, 400px\" alt=\"\" title=\"Prosper_Ojucah_2\" width=\"400\" height=\"266\"  \/><\/a>\t<\/div>\n<\/div>\n\n\n<div class=\"post-entry-content\">\n\n\t<h3 class=\"entry-title\">\n\t\t<a href=\"https:\/\/www.accion-habitat.org\/es\/temoignage-prosper\/\" title=\"Prosper Jean-Pierre\" rel=\"bookmark\">Prosper Jean-Pierre<\/a>\n\t<\/h3>\n\n\t\n\t<div class=\"entry-excerpt\"><p>Forte de 1200 membres, l\u2019Ojucah est le partenaire ha\u00eftien du projet Action pour l\u2019Habitat. Prosper en est le tr\u00e9sorier depuis bient\u00f4t 10 ans<\/p>\n<\/div>\n\t\n<a href=\"https:\/\/www.accion-habitat.org\/es\/temoignage-prosper\/\" class=\"post-details details-type-link\" aria-label=\"Read more about Prosper Jean-Pierre\">Ver m\u00e1s<i class=\"dt-icon-the7-arrow-03\" aria-hidden=\"true\"><\/i><\/a>\n\n<\/div><\/article><\/div><div class=\"visible wf-cell iso-item\" data-post-id=\"193\" data-date=\"2019-05-14T23:34:42+02:00\" data-name=\"T\u00e9moignage 1\"><article class=\"post project-odd visible post-193 type-post status-publish format-standard has-post-thumbnail hentry category-testimonios category-9\" data-name=\"T\u00e9moignage 1\" data-date=\"2019-05-14T23:34:42+02:00\">\n\n<div class=\"post-thumbnail-wrap\">\n\t<div class=\"post-thumbnail\">\n\t\t\n\t\t\n\t\t<a href=\"https:\/\/www.accion-habitat.org\/es\/temoignage-1\/\" class=\"post-thumbnail-rollover layzr-bg layzr-bg\" ><img class=\"iso-lazy-load preload-me iso-lazy-load aspect\" src=\"data:image\/svg+xml,%3Csvg%20xmlns%3D&#39;http%3A%2F%2Fwww.w3.org%2F2000%2Fsvg&#39;%20viewBox%3D&#39;0%200%20397%20265&#39;%2F%3E\" data-src=\"https:\/\/www.accion-habitat.org\/wp-content\/uploads\/2019\/05\/Nadege-Quintallet-IMGP3909-V-397x265.jpg\" data-srcset=\"https:\/\/www.accion-habitat.org\/wp-content\/uploads\/2019\/05\/Nadege-Quintallet-IMGP3909-V-397x265.jpg 397w\" loading=\"eager\" style=\"--ratio: 397 \/ 265\" sizes=\"(max-width: 397px) 100vw, 397px\" alt=\"\"  width=\"397\" height=\"265\"  \/><\/a>\t<\/div>\n<\/div>\n\n\n<div class=\"post-entry-content\">\n\n\t<h3 class=\"entry-title\">\n\t\t<a href=\"https:\/\/www.accion-habitat.org\/es\/temoignage-1\/\" title=\"T\u00e9moignage 1\" rel=\"bookmark\">T\u00e9moignage 1<\/a>\n\t<\/h3>\n\n\t\n\t<div class=\"entry-excerpt\"><p>Donec nec vehicula mi. Sed consequat nunc at sem feugiat, quis imperdiet urna ultricies. Nam at iaculis sem, id luctus risus.<\/p>\n<\/div>\n\t\n<a href=\"https:\/\/www.accion-habitat.org\/es\/temoignage-1\/\" class=\"post-details details-type-link\" aria-label=\"Read more about T\u00e9moignage 1\">Ver m\u00e1s<i class=\"dt-icon-the7-arrow-03\" aria-hidden=\"true\"><\/i><\/a>\n\n<\/div><\/article><\/div><\/div><!-- iso-container|iso-grid --><\/div>[\/vc_column][\/vc_row]<\/p>\n<\/div>","protected":false},"excerpt":{"rendered":"<p>[vc_row][vc_column][vc_column_text]Lorem ipsum dolor sit amet, consectetur adipiscing elit. Ut placerat tellus leo, eu lacinia enim suscipit ac. Phasellus volutpat vulputate efficitur. Fusce placerat, nisl ac tempus varius, diam odio fermentum diam, et sodales nulla diam in est. Sed non mauris pulvinar, gravida quam facilisis, pellentesque felis. Nulla cursus purus nibh, at aliquet elit finibus quis.&hellip;<\/p>\n","protected":false},"author":1,"featured_media":0,"parent":0,"menu_order":0,"comment_status":"closed","ping_status":"closed","template":"","meta":[],"yoast_head":"<!-- This site is optimized with the Yoast SEO plugin v17.5 - https:\/\/yoast.com\/wordpress\/plugins\/seo\/ -->\n<title>Reportajes \/ Testimonios - Action pour l&#039;habitat | Acci\u00f3n por el h\u00e1bitat<\/title>\n<meta name=\"robots\" content=\"index, follow, max-snippet:-1, max-image-preview:large, max-video-preview:-1\" \/>\n<link rel=\"canonical\" href=\"https:\/\/www.accion-habitat.org\/es\/reportages-temoignages\/\" \/>\n<meta property=\"og:locale\" content=\"es_ES\" \/>\n<meta property=\"og:type\" content=\"article\" \/>\n<meta property=\"og:title\" content=\"Reportajes \/ Testimonios - Action pour l&#039;habitat | Acci\u00f3n por el h\u00e1bitat\" \/>\n<meta property=\"og:description\" content=\"[vc_row][vc_column][vc_column_text]Lorem ipsum dolor sit amet, consectetur adipiscing elit. Ut placerat tellus leo, eu lacinia enim suscipit ac. Phasellus volutpat vulputate efficitur. Fusce placerat, nisl ac tempus varius, diam odio fermentum diam, et sodales nulla diam in est. Sed non mauris pulvinar, gravida quam facilisis, pellentesque felis. Nulla cursus purus nibh, at aliquet elit finibus quis.&hellip;\" \/>\n<meta property=\"og:url\" content=\"https:\/\/www.accion-habitat.org\/es\/reportages-temoignages\/\" \/>\n<meta property=\"og:site_name\" content=\"Action pour l&#039;habitat | Acci\u00f3n por el h\u00e1bitat\" \/>\n<meta property=\"article:modified_time\" content=\"2019-05-15T12:06:07+00:00\" \/>\n<meta name=\"twitter:card\" content=\"summary_large_image\" \/>\n<meta name=\"twitter:label1\" content=\"Tiempo de lectura\" \/>\n\t<meta name=\"twitter:data1\" content=\"1 minuto\" \/>\n<script type=\"application\/ld+json\" class=\"yoast-schema-graph\">{\"@context\":\"https:\/\/schema.org\",\"@graph\":[{\"@type\":\"WebSite\",\"@id\":\"https:\/\/www.accion-habitat.org\/es\/#website\",\"url\":\"https:\/\/www.accion-habitat.org\/es\/\",\"name\":\"Action pour l&#039;habitat | Acci\\u00f3n por el h\\u00e1bitat\",\"description\":\"intercambiar para cambiar | \\u00e9changer pour changer\",\"potentialAction\":[{\"@type\":\"SearchAction\",\"target\":{\"@type\":\"EntryPoint\",\"urlTemplate\":\"https:\/\/www.accion-habitat.org\/es\/?s={search_term_string}\"},\"query-input\":\"required name=search_term_string\"}],\"inLanguage\":\"es\"},{\"@type\":\"WebPage\",\"@id\":\"https:\/\/www.accion-habitat.org\/es\/reportages-temoignages\/#webpage\",\"url\":\"https:\/\/www.accion-habitat.org\/es\/reportages-temoignages\/\",\"name\":\"Reportajes \/ Testimonios - Action pour l&#039;habitat | Acci\\u00f3n por el h\\u00e1bitat\",\"isPartOf\":{\"@id\":\"https:\/\/www.accion-habitat.org\/es\/#website\"},\"datePublished\":\"2019-05-09T23:18:33+00:00\",\"dateModified\":\"2019-05-15T12:06:07+00:00\",\"breadcrumb\":{\"@id\":\"https:\/\/www.accion-habitat.org\/es\/reportages-temoignages\/#breadcrumb\"},\"inLanguage\":\"es\",\"potentialAction\":[{\"@type\":\"ReadAction\",\"target\":[\"https:\/\/www.accion-habitat.org\/es\/reportages-temoignages\/\"]}]},{\"@type\":\"BreadcrumbList\",\"@id\":\"https:\/\/www.accion-habitat.org\/es\/reportages-temoignages\/#breadcrumb\",\"itemListElement\":[{\"@type\":\"ListItem\",\"position\":1,\"name\":\"Accueil\",\"item\":\"https:\/\/www.accion-habitat.org\/es\/\"},{\"@type\":\"ListItem\",\"position\":2,\"name\":\"Reportajes \/ Testimonios\"}]}]}<\/script>\n<!-- \/ Yoast SEO plugin. -->","yoast_head_json":{"title":"Reportajes \/ Testimonios - Action pour l&#039;habitat | Acci\u00f3n por el h\u00e1bitat","robots":{"index":"index","follow":"follow","max-snippet":"max-snippet:-1","max-image-preview":"max-image-preview:large","max-video-preview":"max-video-preview:-1"},"canonical":"https:\/\/www.accion-habitat.org\/es\/reportages-temoignages\/","og_locale":"es_ES","og_type":"article","og_title":"Reportajes \/ Testimonios - Action pour l&#039;habitat | Acci\u00f3n por el h\u00e1bitat","og_description":"[vc_row][vc_column][vc_column_text]Lorem ipsum dolor sit amet, consectetur adipiscing elit. Ut placerat tellus leo, eu lacinia enim suscipit ac. Phasellus volutpat vulputate efficitur. Fusce placerat, nisl ac tempus varius, diam odio fermentum diam, et sodales nulla diam in est. Sed non mauris pulvinar, gravida quam facilisis, pellentesque felis. Nulla cursus purus nibh, at aliquet elit finibus quis.&hellip;","og_url":"https:\/\/www.accion-habitat.org\/es\/reportages-temoignages\/","og_site_name":"Action pour l&#039;habitat | Acci\u00f3n por el h\u00e1bitat","article_modified_time":"2019-05-15T12:06:07+00:00","twitter_card":"summary_large_image","twitter_misc":{"Tiempo de lectura":"1 minuto"},"schema":{"@context":"https:\/\/schema.org","@graph":[{"@type":"WebSite","@id":"https:\/\/www.accion-habitat.org\/es\/#website","url":"https:\/\/www.accion-habitat.org\/es\/","name":"Action pour l&#039;habitat | Acci\u00f3n por el h\u00e1bitat","description":"intercambiar para cambiar | \u00e9changer pour changer","potentialAction":[{"@type":"SearchAction","target":{"@type":"EntryPoint","urlTemplate":"https:\/\/www.accion-habitat.org\/es\/?s={search_term_string}"},"query-input":"required name=search_term_string"}],"inLanguage":"es"},{"@type":"WebPage","@id":"https:\/\/www.accion-habitat.org\/es\/reportages-temoignages\/#webpage","url":"https:\/\/www.accion-habitat.org\/es\/reportages-temoignages\/","name":"Reportajes \/ Testimonios - Action pour l&#039;habitat | Acci\u00f3n por el h\u00e1bitat","isPartOf":{"@id":"https:\/\/www.accion-habitat.org\/es\/#website"},"datePublished":"2019-05-09T23:18:33+00:00","dateModified":"2019-05-15T12:06:07+00:00","breadcrumb":{"@id":"https:\/\/www.accion-habitat.org\/es\/reportages-temoignages\/#breadcrumb"},"inLanguage":"es","potentialAction":[{"@type":"ReadAction","target":["https:\/\/www.accion-habitat.org\/es\/reportages-temoignages\/"]}]},{"@type":"BreadcrumbList","@id":"https:\/\/www.accion-habitat.org\/es\/reportages-temoignages\/#breadcrumb","itemListElement":[{"@type":"ListItem","position":1,"name":"Accueil","item":"https:\/\/www.accion-habitat.org\/es\/"},{"@type":"ListItem","position":2,"name":"Reportajes \/ Testimonios"}]}]}},"_links":{"self":[{"href":"https:\/\/www.accion-habitat.org\/es\/wp-json\/wp\/v2\/pages\/98"}],"collection":[{"href":"https:\/\/www.accion-habitat.org\/es\/wp-json\/wp\/v2\/pages"}],"about":[{"href":"https:\/\/www.accion-habitat.org\/es\/wp-json\/wp\/v2\/types\/page"}],"author":[{"embeddable":true,"href":"https:\/\/www.accion-habitat.org\/es\/wp-json\/wp\/v2\/users\/1"}],"replies":[{"embeddable":true,"href":"https:\/\/www.accion-habitat.org\/es\/wp-json\/wp\/v2\/comments?post=98"}],"version-history":[{"count":2,"href":"https:\/\/www.accion-habitat.org\/es\/wp-json\/wp\/v2\/pages\/98\/revisions"}],"predecessor-version":[{"id":275,"href":"https:\/\/www.accion-habitat.org\/es\/wp-json\/wp\/v2\/pages\/98\/revisions\/275"}],"wp:attachment":[{"href":"https:\/\/www.accion-habitat.org\/es\/wp-json\/wp\/v2\/media?parent=98"}],"curies":[{"name":"wp","href":"https:\/\/api.w.org\/{rel}","templated":true}]}}