{"id":37,"date":"2019-05-09T16:37:35","date_gmt":"2019-05-09T14:37:35","guid":{"rendered":"http:\/\/www.accion-habitat.org\/les-expertes\/"},"modified":"2019-09-05T22:39:20","modified_gmt":"2019-09-05T20:39:20","slug":"les-expertes","status":"publish","type":"page","link":"https:\/\/www.accion-habitat.org\/es\/les-expertes\/","title":{"rendered":"Las expertas"},"content":{"rendered":"<div class=\"wpb-content-wrapper\"><p>[vc_row][vc_column][vc_column_text]\u00bfQui\u00e9nes son las \u201cexpertas\u201d? Mujeres reconocidas por su comunidad, por las asociaciones locales o\/y por los actores p\u00fablicos.<br \/>\nLas expertas del proyecto viven en el campo, en de La Vall\u00e9e de Jacmel (Hait\u00ed), en Tacachico y Alegr\u00eda (El Salvador) o en los barrios urbanos populares de Granada (Nicaragua).<\/p>\n<p>Por pasi\u00f3n, experiencia o formaci\u00f3n, las expertas han adquirido conocimientos, habilidades y aptitudes que transmiten a otros, en beneficio de todos. Ellas son referentes en el dominio de la prevenci\u00f3n de cat\u00e1strofes naturales, la protecci\u00f3n del medio ambiente y tambi\u00e9n la construcci\u00f3n en materiales locales naturales.<br \/>\nCon ellas, estamos creando una red de intercambios en Am\u00e9rica Latina y en el Caribe para mejorar la vida cotidiana de las comunidades y promover la emancipaci\u00f3n de las mujeres.<br \/>\nGracias a ellas, hemos tejido lazos m\u00e1s fuertes para combatir la pobreza.[\/vc_column_text][vc_empty_space]<style type=\"text\/css\" data-type=\"the7_shortcodes-inline-css\">.blog-shortcode.blog-masonry-shortcode-id-c5db489493dd51ddc48049fd45ab7f5e.dividers-on.classic-layout-list article {\n  padding-top: 0;\n}\n.blog-shortcode.blog-masonry-shortcode-id-c5db489493dd51ddc48049fd45ab7f5e.dividers-on.classic-layout-list article:first-of-type {\n  margin-top: 0;\n  padding-top: 0;\n}\n.blog-shortcode.blog-masonry-shortcode-id-c5db489493dd51ddc48049fd45ab7f5e.classic-layout-list.mode-list .post-entry-content {\n  width: calc(100% - );\n}\n.blog-shortcode.blog-masonry-shortcode-id-c5db489493dd51ddc48049fd45ab7f5e.classic-layout-list.mode-list .no-img .post-entry-content {\n  width: 100%;\n}\n.blog-shortcode.blog-masonry-shortcode-id-c5db489493dd51ddc48049fd45ab7f5e .filter-bg-decoration .filter-categories a.act {\n  color: #fff;\n}\n.blog-shortcode.blog-masonry-shortcode-id-c5db489493dd51ddc48049fd45ab7f5e:not(.mode-masonry) article:first-of-type,\n.blog-shortcode.blog-masonry-shortcode-id-c5db489493dd51ddc48049fd45ab7f5e:not(.mode-masonry) article.visible.first:not(.product) {\n  margin-top: 0;\n}\n.blog-shortcode.blog-masonry-shortcode-id-c5db489493dd51ddc48049fd45ab7f5e.dividers-on:not(.mode-masonry) article {\n  margin-top: 0;\n}\n.blog-shortcode.blog-masonry-shortcode-id-c5db489493dd51ddc48049fd45ab7f5e.dividers-on:not(.mode-masonry) article:first-of-type,\n.blog-shortcode.blog-masonry-shortcode-id-c5db489493dd51ddc48049fd45ab7f5e.dividers-on:not(.mode-masonry) article.visible.first:not(.product) {\n  margin-top: 0;\n  padding-top: 0;\n}\n.blog-shortcode.blog-masonry-shortcode-id-c5db489493dd51ddc48049fd45ab7f5e .post-thumbnail-wrap {\n  padding: 0px 0px 0px 0px;\n}\n.blog-shortcode.blog-masonry-shortcode-id-c5db489493dd51ddc48049fd45ab7f5e.enable-bg-rollover .post-thumbnail-rollover:after {\n  background: -webkit-linear-gradient();\n  background: linear-gradient();\n}\n.blog-shortcode.blog-masonry-shortcode-id-c5db489493dd51ddc48049fd45ab7f5e .gallery-zoom-ico {\n  width: 44px;\n  height: 44px;\n  line-height: 44px;\n  border-radius: 100px;\n  margin: -22px 0 0 -22px;\n  border-width: 0px;\n  color: #ffffff;\n}\n.bottom-overlap-layout-list.blog-shortcode.blog-masonry-shortcode-id-c5db489493dd51ddc48049fd45ab7f5e .gallery-zoom-ico {\n  margin-top: -72px;\n}\n.gradient-overlay-layout-list.blog-shortcode.blog-masonry-shortcode-id-c5db489493dd51ddc48049fd45ab7f5e .gallery-zoom-ico,\n.content-rollover-layout-list.blog-shortcode.blog-masonry-shortcode-id-c5db489493dd51ddc48049fd45ab7f5e .gallery-zoom-ico {\n  margin: 0 0 10px;\n}\n.content-align-center.gradient-overlay-layout-list.blog-shortcode.blog-masonry-shortcode-id-c5db489493dd51ddc48049fd45ab7f5e .gallery-zoom-ico,\n.content-align-center.content-rollover-layout-list.blog-shortcode.blog-masonry-shortcode-id-c5db489493dd51ddc48049fd45ab7f5e .gallery-zoom-ico {\n  margin: 0 auto 10px;\n}\n.dt-icon-bg-on.blog-shortcode.blog-masonry-shortcode-id-c5db489493dd51ddc48049fd45ab7f5e .gallery-zoom-ico {\n  background: rgba(255,255,255,0.3);\n  box-shadow: none;\n}\n.blog-shortcode.blog-masonry-shortcode-id-c5db489493dd51ddc48049fd45ab7f5e .gallery-zoom-ico > span,\n.blog-shortcode.blog-masonry-shortcode-id-c5db489493dd51ddc48049fd45ab7f5e .gallery-zoom-ico:before {\n  font-size: 32px;\n  line-height: 44px;\n}\n.blog-shortcode.blog-masonry-shortcode-id-c5db489493dd51ddc48049fd45ab7f5e .gallery-zoom-ico > span,\n.blog-shortcode.blog-masonry-shortcode-id-c5db489493dd51ddc48049fd45ab7f5e .gallery-zoom-ico:before {\n  color: #ffffff;\n}\n.blog-shortcode.blog-masonry-shortcode-id-c5db489493dd51ddc48049fd45ab7f5e .entry-title,\n.blog-shortcode.blog-masonry-shortcode-id-c5db489493dd51ddc48049fd45ab7f5e.owl-carousel .entry-title {\n  margin-bottom: 5px;\n  font-weight: bold;\n}\n.blog-shortcode.blog-masonry-shortcode-id-c5db489493dd51ddc48049fd45ab7f5e .entry-meta {\n  margin-bottom: 15px;\n}\n.blog-shortcode.blog-masonry-shortcode-id-c5db489493dd51ddc48049fd45ab7f5e .portfolio-categories {\n  margin-bottom: 15px;\n}\n.blog-shortcode.blog-masonry-shortcode-id-c5db489493dd51ddc48049fd45ab7f5e .entry-excerpt {\n  margin-bottom: 5px;\n}\n.blog-shortcode.blog-masonry-shortcode-id-c5db489493dd51ddc48049fd45ab7f5e:not(.centered-layout-list) .post-entry-content {\n  padding: 25px 30px 30px 30px;\n}\n.blog-shortcode.blog-masonry-shortcode-id-c5db489493dd51ddc48049fd45ab7f5e:not(.centered-layout-list):not(.content-bg-on):not(.mode-list) .no-img .post-entry-content {\n  padding: 0;\n}\n@media screen and (max-width: ) {\n  .blog-shortcode.blog-masonry-shortcode-id-c5db489493dd51ddc48049fd45ab7f5e article {\n    -ms-flex-flow: column nowrap;\n    flex-flow: column nowrap;\n    margin-top: 20px;\n  }\n  .blog-shortcode.blog-masonry-shortcode-id-c5db489493dd51ddc48049fd45ab7f5e.dividers-on article {\n    border: none;\n  }\n  .blog-shortcode.blog-masonry-shortcode-id-c5db489493dd51ddc48049fd45ab7f5e.content-bg-on.centered-layout-list article {\n    padding: 0;\n  }\n  .blog-shortcode.blog-masonry-shortcode-id-c5db489493dd51ddc48049fd45ab7f5e.blog-shortcode.dividers-on article,\n  .blog-shortcode.blog-masonry-shortcode-id-c5db489493dd51ddc48049fd45ab7f5e.dividers-on.classic-layout-list article {\n    margin-top: 20px;\n    padding: 0;\n  }\n  .blog-shortcode.blog-masonry-shortcode-id-c5db489493dd51ddc48049fd45ab7f5e.blog-shortcode.dividers-on article:first-of-type,\n  .blog-shortcode.blog-masonry-shortcode-id-c5db489493dd51ddc48049fd45ab7f5e.dividers-on.classic-layout-list article:first-of-type {\n    padding: 0;\n  }\n  #page .blog-shortcode.blog-masonry-shortcode-id-c5db489493dd51ddc48049fd45ab7f5e .post-thumbnail-wrap,\n  #page .blog-shortcode.blog-masonry-shortcode-id-c5db489493dd51ddc48049fd45ab7f5e .post-entry-content {\n    width: 100%;\n    margin: 0;\n    top: 0;\n  }\n  #page .blog-shortcode.blog-masonry-shortcode-id-c5db489493dd51ddc48049fd45ab7f5e .post-thumbnail-wrap {\n    padding: 0;\n  }\n  #page .blog-shortcode.blog-masonry-shortcode-id-c5db489493dd51ddc48049fd45ab7f5e .post-entry-content:after {\n    display: none;\n  }\n  #page .blog-shortcode.blog-masonry-shortcode-id-c5db489493dd51ddc48049fd45ab7f5e .project-even .post-thumbnail-wrap,\n  #page .blog-shortcode.blog-masonry-shortcode-id-c5db489493dd51ddc48049fd45ab7f5e.centered-layout-list .post-thumbnail-wrap {\n    -ms-flex-order: 0;\n    order: 0;\n  }\n  #page .blog-shortcode.blog-masonry-shortcode-id-c5db489493dd51ddc48049fd45ab7f5e.centered-layout-list .post-entry-title-content {\n    -ms-flex-order: 1;\n    order: 1;\n    width: 100%;\n    padding: 20px 20px 0;\n  }\n  #page .blog-shortcode.blog-masonry-shortcode-id-c5db489493dd51ddc48049fd45ab7f5e.centered-layout-list .post-entry-content {\n    -ms-flex-order: 2;\n    order: 2;\n    padding-top: 0;\n  }\n  #page .blog-shortcode.blog-masonry-shortcode-id-c5db489493dd51ddc48049fd45ab7f5e .fancy-categories {\n    top: 10px;\n    left: 10px;\n    bottom: auto;\n    right: auto;\n  }\n  #page .blog-shortcode.blog-masonry-shortcode-id-c5db489493dd51ddc48049fd45ab7f5e .fancy-date a {\n    top: 10px;\n    right: 10px;\n    left: auto;\n    bottom: auto;\n  }\n  #page .blog-shortcode.blog-masonry-shortcode-id-c5db489493dd51ddc48049fd45ab7f5e .post-entry-content {\n    padding: 20px;\n  }\n  #page .blog-shortcode.blog-masonry-shortcode-id-c5db489493dd51ddc48049fd45ab7f5e .entry-title {\n    margin: 3px 0 5px;\n    font-size: 20px;\n    line-height: 26px;\n  }\n  #page .blog-shortcode.blog-masonry-shortcode-id-c5db489493dd51ddc48049fd45ab7f5e .entry-meta {\n    margin: 5px 0 5px;\n  }\n  #page .blog-shortcode.blog-masonry-shortcode-id-c5db489493dd51ddc48049fd45ab7f5e .entry-excerpt {\n    margin: 15px 0 0;\n  }\n  #page .blog-shortcode.blog-masonry-shortcode-id-c5db489493dd51ddc48049fd45ab7f5e .post-details {\n    margin: 5px 0 10px;\n  }\n  #page .blog-shortcode.blog-masonry-shortcode-id-c5db489493dd51ddc48049fd45ab7f5e .post-details.details-type-link {\n    margin-bottom: 2px;\n  }\n}\n<\/style><div class=\"blog-shortcode blog-masonry-shortcode-id-c5db489493dd51ddc48049fd45ab7f5e mode-masonry classic-layout-list content-bg-on jquery-filter scale-img meta-info-off dt-icon-bg-off resize-by-browser-width loading-effect-none description-under-image \" data-padding=\"15px\" data-cur-page=\"1\" data-post-limit=\"-1\" data-pagination-mode=\"none\" data-desktop-columns-num=\"3\" data-v-tablet-columns-num=\"2\" data-h-tablet-columns-num=\"3\" data-phone-columns-num=\"1\" data-width=\"0px\" data-columns=\"0\"><div class=\"iso-container\" ><div class=\"visible wf-cell iso-item\" data-post-id=\"1015\" data-date=\"2019-09-09T23:12:55+02:00\" data-name=\"Margarette Forg\u00e8re\"><article class=\"post project-odd visible post-1015 type-post status-publish format-standard has-post-thumbnail hentry category-expertas category-13\" data-name=\"Margarette Forg\u00e8re\" data-date=\"2019-09-09T23:12:55+02:00\">\n\n<div class=\"post-thumbnail-wrap\">\n\t<div class=\"post-thumbnail\">\n\t\t\n\t\t\n\t\t<a href=\"https:\/\/www.accion-habitat.org\/es\/experte-margarette-forgere\/\" class=\"post-thumbnail-rollover layzr-bg layzr-bg\" ><img class=\"iso-lazy-load preload-me iso-lazy-load aspect\" src=\"data:image\/svg+xml,%3Csvg%20xmlns%3D&#39;http%3A%2F%2Fwww.w3.org%2F2000%2Fsvg&#39;%20viewBox%3D&#39;0%200%20400%20265&#39;%2F%3E\" data-src=\"https:\/\/www.accion-habitat.org\/wp-content\/uploads\/2019\/09\/Margarette-vignette.jpg\" data-srcset=\"https:\/\/www.accion-habitat.org\/wp-content\/uploads\/2019\/09\/Margarette-vignette.jpg 400w\" loading=\"eager\" style=\"--ratio: 400 \/ 265\" sizes=\"(max-width: 400px) 100vw, 400px\" alt=\"\" title=\"Margarette-vignette\" width=\"400\" height=\"265\"  \/><\/a>\t<\/div>\n<\/div>\n\n\n<div class=\"post-entry-content\">\n\n\t<h3 class=\"entry-title\">\n\t\t<a href=\"https:\/\/www.accion-habitat.org\/es\/experte-margarette-forgere\/\" title=\"Margarette Forg\u00e8re\" rel=\"bookmark\">Margarette Forg\u00e8re<\/a>\n\t<\/h3>\n\n\t\n\t<div class=\"entry-excerpt\"><p>Bainet, Jacmel &#8211; Ha\u00efti, 36 ans. FORMATRICE ET ARTISANE EN CONSTRUCTION EN TERRE. \u00abLes comp\u00e9tences, mais aussi l&#8217;attitude\u00bb&#8230;<\/p>\n<\/div>\n\t\n<a href=\"https:\/\/www.accion-habitat.org\/es\/experte-margarette-forgere\/\" class=\"post-details details-type-link\" aria-label=\"Read more about Margarette Forg\u00e8re\">Lire l'article<i class=\"dt-icon-the7-arrow-03\" aria-hidden=\"true\"><\/i><\/a>\n\n<\/div><\/article><\/div><div class=\"visible wf-cell iso-item\" data-post-id=\"288\" data-date=\"2019-06-17T13:56:04+02:00\" data-name=\"Lucia Vega\"><article class=\"post project-odd visible post-288 type-post status-publish format-standard has-post-thumbnail hentry category-expertas category-13\" data-name=\"Lucia Vega\" data-date=\"2019-06-17T13:56:04+02:00\">\n\n<div class=\"post-thumbnail-wrap\">\n\t<div class=\"post-thumbnail\">\n\t\t\n\t\t\n\t\t<a href=\"https:\/\/www.accion-habitat.org\/es\/experte-lucia\/\" class=\"post-thumbnail-rollover layzr-bg layzr-bg\" ><img class=\"iso-lazy-load preload-me iso-lazy-load aspect\" src=\"data:image\/svg+xml,%3Csvg%20xmlns%3D&#39;http%3A%2F%2Fwww.w3.org%2F2000%2Fsvg&#39;%20viewBox%3D&#39;0%200%20400%20267&#39;%2F%3E\" data-src=\"https:\/\/www.accion-habitat.org\/wp-content\/uploads\/2019\/06\/IMG_1141-2-V.jpg\" data-srcset=\"https:\/\/www.accion-habitat.org\/wp-content\/uploads\/2019\/06\/IMG_1141-2-V.jpg 400w\" loading=\"eager\" style=\"--ratio: 400 \/ 267\" sizes=\"(max-width: 400px) 100vw, 400px\" alt=\"\"  width=\"400\" height=\"267\"  \/><\/a>\t<\/div>\n<\/div>\n\n\n<div class=\"post-entry-content\">\n\n\t<h3 class=\"entry-title\">\n\t\t<a href=\"https:\/\/www.accion-habitat.org\/es\/experte-lucia\/\" title=\"Lucia Vega\" rel=\"bookmark\">Lucia Vega<\/a>\n\t<\/h3>\n\n\t\n\t<div class=\"entry-excerpt\"><p>Pantanal, Granada \u2013 Nicaragua. 30 ans. FORMATRICE ET ARTISANE EN CONSTRUCTION EN TERRE \u00abConstruire en terre ? Les femmes&#8230;<\/p>\n<\/div>\n\t\n<a href=\"https:\/\/www.accion-habitat.org\/es\/experte-lucia\/\" class=\"post-details details-type-link\" aria-label=\"Read more about Lucia Vega\">Lire l'article<i class=\"dt-icon-the7-arrow-03\" aria-hidden=\"true\"><\/i><\/a>\n\n<\/div><\/article><\/div><div class=\"visible wf-cell iso-item\" data-post-id=\"283\" data-date=\"2019-06-17T13:53:36+02:00\" data-name=\"Trinidad de la Cruz\"><article class=\"post project-odd visible post-283 type-post status-publish format-standard has-post-thumbnail hentry category-expertas category-13\" data-name=\"Trinidad de la Cruz\" data-date=\"2019-06-17T13:53:36+02:00\">\n\n<div class=\"post-thumbnail-wrap\">\n\t<div class=\"post-thumbnail\">\n\t\t\n\t\t\n\t\t<a href=\"https:\/\/www.accion-habitat.org\/es\/experte-trinidad\/\" class=\"post-thumbnail-rollover layzr-bg layzr-bg\" ><img class=\"iso-lazy-load preload-me iso-lazy-load aspect\" src=\"data:image\/svg+xml,%3Csvg%20xmlns%3D&#39;http%3A%2F%2Fwww.w3.org%2F2000%2Fsvg&#39;%20viewBox%3D&#39;0%200%20400%20267&#39;%2F%3E\" data-src=\"https:\/\/www.accion-habitat.org\/wp-content\/uploads\/2019\/06\/IMG_4674-2-V.jpg\" data-srcset=\"https:\/\/www.accion-habitat.org\/wp-content\/uploads\/2019\/06\/IMG_4674-2-V.jpg 400w\" loading=\"eager\" style=\"--ratio: 400 \/ 267\" sizes=\"(max-width: 400px) 100vw, 400px\" alt=\"\"  width=\"400\" height=\"267\"  \/><\/a>\t<\/div>\n<\/div>\n\n\n<div class=\"post-entry-content\">\n\n\t<h3 class=\"entry-title\">\n\t\t<a href=\"https:\/\/www.accion-habitat.org\/es\/experte-trinidad\/\" title=\"Trinidad de la Cruz\" rel=\"bookmark\">Trinidad de la Cruz<\/a>\n\t<\/h3>\n\n\t\n\t<div class=\"entry-excerpt\"><p>Pantanal, Granada \u2013 Nicaragua. 32 ans. FORMATRICE ET ARTISANE EN CONSTRUCTION EN TERRE \u00abC&#8217;est une fiert\u00e9 de pouvoir partager&#8230;<\/p>\n<\/div>\n\t\n<a href=\"https:\/\/www.accion-habitat.org\/es\/experte-trinidad\/\" class=\"post-details details-type-link\" aria-label=\"Read more about Trinidad de la Cruz\">Lire l'article<i class=\"dt-icon-the7-arrow-03\" aria-hidden=\"true\"><\/i><\/a>\n\n<\/div><\/article><\/div><\/div><!-- iso-container|iso-grid --><\/div>[\/vc_column][\/vc_row]<\/p>\n<\/div>","protected":false},"excerpt":{"rendered":"<p>[vc_row][vc_column][vc_column_text]\u00bfQui\u00e9nes son las \u201cexpertas\u201d? Mujeres reconocidas por su comunidad, por las asociaciones locales o\/y por los actores p\u00fablicos. Las expertas del proyecto viven en el campo, en de La Vall\u00e9e de Jacmel (Hait\u00ed), en Tacachico y Alegr\u00eda (El Salvador) o en los barrios urbanos populares de Granada (Nicaragua). Por pasi\u00f3n, experiencia o formaci\u00f3n, las expertas&hellip;<\/p>\n","protected":false},"author":1,"featured_media":0,"parent":0,"menu_order":0,"comment_status":"closed","ping_status":"closed","template":"","meta":[],"yoast_head":"<!-- This site is optimized with the Yoast SEO plugin v17.5 - https:\/\/yoast.com\/wordpress\/plugins\/seo\/ -->\n<title>Las expertas - Action pour l&#039;habitat | Acci\u00f3n por el h\u00e1bitat<\/title>\n<meta name=\"robots\" content=\"index, follow, max-snippet:-1, max-image-preview:large, max-video-preview:-1\" \/>\n<link rel=\"canonical\" href=\"https:\/\/www.accion-habitat.org\/es\/les-expertes\/\" \/>\n<meta property=\"og:locale\" content=\"es_ES\" \/>\n<meta property=\"og:type\" content=\"article\" \/>\n<meta property=\"og:title\" content=\"Las expertas - Action pour l&#039;habitat | Acci\u00f3n por el h\u00e1bitat\" \/>\n<meta property=\"og:description\" content=\"[vc_row][vc_column][vc_column_text]\u00bfQui\u00e9nes son las \u201cexpertas\u201d? Mujeres reconocidas por su comunidad, por las asociaciones locales o\/y por los actores p\u00fablicos. Las expertas del proyecto viven en el campo, en de La Vall\u00e9e de Jacmel (Hait\u00ed), en Tacachico y Alegr\u00eda (El Salvador) o en los barrios urbanos populares de Granada (Nicaragua). Por pasi\u00f3n, experiencia o formaci\u00f3n, las expertas&hellip;\" \/>\n<meta property=\"og:url\" content=\"https:\/\/www.accion-habitat.org\/es\/les-expertes\/\" \/>\n<meta property=\"og:site_name\" content=\"Action pour l&#039;habitat | Acci\u00f3n por el h\u00e1bitat\" \/>\n<meta property=\"article:modified_time\" content=\"2019-09-05T20:39:20+00:00\" \/>\n<meta name=\"twitter:card\" content=\"summary_large_image\" \/>\n<meta name=\"twitter:label1\" content=\"Tiempo de lectura\" \/>\n\t<meta name=\"twitter:data1\" content=\"1 minuto\" \/>\n<script type=\"application\/ld+json\" class=\"yoast-schema-graph\">{\"@context\":\"https:\/\/schema.org\",\"@graph\":[{\"@type\":\"WebSite\",\"@id\":\"https:\/\/www.accion-habitat.org\/es\/#website\",\"url\":\"https:\/\/www.accion-habitat.org\/es\/\",\"name\":\"Action pour l&#039;habitat | Acci\\u00f3n por el h\\u00e1bitat\",\"description\":\"intercambiar para cambiar | \\u00e9changer pour changer\",\"potentialAction\":[{\"@type\":\"SearchAction\",\"target\":{\"@type\":\"EntryPoint\",\"urlTemplate\":\"https:\/\/www.accion-habitat.org\/es\/?s={search_term_string}\"},\"query-input\":\"required name=search_term_string\"}],\"inLanguage\":\"es\"},{\"@type\":\"WebPage\",\"@id\":\"https:\/\/www.accion-habitat.org\/es\/les-expertes\/#webpage\",\"url\":\"https:\/\/www.accion-habitat.org\/es\/les-expertes\/\",\"name\":\"Las expertas - Action pour l&#039;habitat | Acci\\u00f3n por el h\\u00e1bitat\",\"isPartOf\":{\"@id\":\"https:\/\/www.accion-habitat.org\/es\/#website\"},\"datePublished\":\"2019-05-09T14:37:35+00:00\",\"dateModified\":\"2019-09-05T20:39:20+00:00\",\"breadcrumb\":{\"@id\":\"https:\/\/www.accion-habitat.org\/es\/les-expertes\/#breadcrumb\"},\"inLanguage\":\"es\",\"potentialAction\":[{\"@type\":\"ReadAction\",\"target\":[\"https:\/\/www.accion-habitat.org\/es\/les-expertes\/\"]}]},{\"@type\":\"BreadcrumbList\",\"@id\":\"https:\/\/www.accion-habitat.org\/es\/les-expertes\/#breadcrumb\",\"itemListElement\":[{\"@type\":\"ListItem\",\"position\":1,\"name\":\"Accueil\",\"item\":\"https:\/\/www.accion-habitat.org\/es\/\"},{\"@type\":\"ListItem\",\"position\":2,\"name\":\"Las expertas\"}]}]}<\/script>\n<!-- \/ Yoast SEO plugin. -->","yoast_head_json":{"title":"Las expertas - Action pour l&#039;habitat | Acci\u00f3n por el h\u00e1bitat","robots":{"index":"index","follow":"follow","max-snippet":"max-snippet:-1","max-image-preview":"max-image-preview:large","max-video-preview":"max-video-preview:-1"},"canonical":"https:\/\/www.accion-habitat.org\/es\/les-expertes\/","og_locale":"es_ES","og_type":"article","og_title":"Las expertas - Action pour l&#039;habitat | Acci\u00f3n por el h\u00e1bitat","og_description":"[vc_row][vc_column][vc_column_text]\u00bfQui\u00e9nes son las \u201cexpertas\u201d? Mujeres reconocidas por su comunidad, por las asociaciones locales o\/y por los actores p\u00fablicos. Las expertas del proyecto viven en el campo, en de La Vall\u00e9e de Jacmel (Hait\u00ed), en Tacachico y Alegr\u00eda (El Salvador) o en los barrios urbanos populares de Granada (Nicaragua). Por pasi\u00f3n, experiencia o formaci\u00f3n, las expertas&hellip;","og_url":"https:\/\/www.accion-habitat.org\/es\/les-expertes\/","og_site_name":"Action pour l&#039;habitat | Acci\u00f3n por el h\u00e1bitat","article_modified_time":"2019-09-05T20:39:20+00:00","twitter_card":"summary_large_image","twitter_misc":{"Tiempo de lectura":"1 minuto"},"schema":{"@context":"https:\/\/schema.org","@graph":[{"@type":"WebSite","@id":"https:\/\/www.accion-habitat.org\/es\/#website","url":"https:\/\/www.accion-habitat.org\/es\/","name":"Action pour l&#039;habitat | Acci\u00f3n por el h\u00e1bitat","description":"intercambiar para cambiar | \u00e9changer pour changer","potentialAction":[{"@type":"SearchAction","target":{"@type":"EntryPoint","urlTemplate":"https:\/\/www.accion-habitat.org\/es\/?s={search_term_string}"},"query-input":"required name=search_term_string"}],"inLanguage":"es"},{"@type":"WebPage","@id":"https:\/\/www.accion-habitat.org\/es\/les-expertes\/#webpage","url":"https:\/\/www.accion-habitat.org\/es\/les-expertes\/","name":"Las expertas - Action pour l&#039;habitat | Acci\u00f3n por el h\u00e1bitat","isPartOf":{"@id":"https:\/\/www.accion-habitat.org\/es\/#website"},"datePublished":"2019-05-09T14:37:35+00:00","dateModified":"2019-09-05T20:39:20+00:00","breadcrumb":{"@id":"https:\/\/www.accion-habitat.org\/es\/les-expertes\/#breadcrumb"},"inLanguage":"es","potentialAction":[{"@type":"ReadAction","target":["https:\/\/www.accion-habitat.org\/es\/les-expertes\/"]}]},{"@type":"BreadcrumbList","@id":"https:\/\/www.accion-habitat.org\/es\/les-expertes\/#breadcrumb","itemListElement":[{"@type":"ListItem","position":1,"name":"Accueil","item":"https:\/\/www.accion-habitat.org\/es\/"},{"@type":"ListItem","position":2,"name":"Las expertas"}]}]}},"_links":{"self":[{"href":"https:\/\/www.accion-habitat.org\/es\/wp-json\/wp\/v2\/pages\/37"}],"collection":[{"href":"https:\/\/www.accion-habitat.org\/es\/wp-json\/wp\/v2\/pages"}],"about":[{"href":"https:\/\/www.accion-habitat.org\/es\/wp-json\/wp\/v2\/types\/page"}],"author":[{"embeddable":true,"href":"https:\/\/www.accion-habitat.org\/es\/wp-json\/wp\/v2\/users\/1"}],"replies":[{"embeddable":true,"href":"https:\/\/www.accion-habitat.org\/es\/wp-json\/wp\/v2\/comments?post=37"}],"version-history":[{"count":4,"href":"https:\/\/www.accion-habitat.org\/es\/wp-json\/wp\/v2\/pages\/37\/revisions"}],"predecessor-version":[{"id":863,"href":"https:\/\/www.accion-habitat.org\/es\/wp-json\/wp\/v2\/pages\/37\/revisions\/863"}],"wp:attachment":[{"href":"https:\/\/www.accion-habitat.org\/es\/wp-json\/wp\/v2\/media?parent=37"}],"curies":[{"name":"wp","href":"https:\/\/api.w.org\/{rel}","templated":true}]}}