{"id":27,"date":"2019-05-08T23:03:19","date_gmt":"2019-05-08T21:03:19","guid":{"rendered":"http:\/\/www.accion-habitat.org\/page-d-exemple\/"},"modified":"2019-09-10T17:22:57","modified_gmt":"2019-09-10T15:22:57","slug":"presentation","status":"publish","type":"page","link":"https:\/\/www.accion-habitat.org\/es\/presentation\/","title":{"rendered":"Presentaci\u00f3n"},"content":{"rendered":"<div class=\"wpb-content-wrapper\"><p>[vc_row][vc_column]<div class=\"dt-fancy-separator title-left h3-size accent-title-color\" style=\"width: 100%;\"><div class=\"dt-fancy-title\"><span class=\"separator-holder separator-left\"><\/span>Intercambiar para cambiar<span class=\"separator-holder separator-right\"><\/span><\/div><\/div>[vc_column_text]<strong>\u00abAcciones para mejorar la vivienda y las condiciones de vida para y por mujeres precarias en Am\u00e9rica Central y el Caribe\u00bb.<\/strong><\/p>\n<p>Este es el nombre oficial de nuestro proyecto <strong>Acci\u00f3n por el H\u00e1bitat<\/strong>, cuyo objetivo es crear una red de expertas entre Nicaragua, El Salvador y Hait\u00ed para intercambiar buenas pr\u00e1cticas, mejorar sus conocimientos, reforzar las habilidades y la autonom\u00eda de las mujeres por el beneficio de todos y todas.[\/vc_column_text]<style type=\"text\/css\" data-type=\"the7_shortcodes-inline-css\">.gallery-carousel-shortcode.gallery-carousel-shortcode-id-4c31cf4e398eba94f7a8667adad6be3d.owl-carousel .owl-nav div {\n  width: 36px;\n  height: 36px;\n  border-radius: 500px;\n}\n.dt-arrow-border-on.gallery-carousel-shortcode.gallery-carousel-shortcode-id-4c31cf4e398eba94f7a8667adad6be3d.owl-carousel .owl-nav div:not(:hover):before {\n  border-width: 0px;\n}\n.dt-arrow-hover-border-on.gallery-carousel-shortcode.gallery-carousel-shortcode-id-4c31cf4e398eba94f7a8667adad6be3d.owl-carousel .owl-nav div:hover:after {\n  border-width: 0px;\n}\n.gallery-carousel-shortcode.gallery-carousel-shortcode-id-4c31cf4e398eba94f7a8667adad6be3d.owl-carousel .owl-nav div.owl-prev {\n  top: 50%;\n  transform: translateY(calc(-50% + 0px));\n  left: -43px;\n}\n@media all and (-ms-high-contrast: none) {\n  .gallery-carousel-shortcode.gallery-carousel-shortcode-id-4c31cf4e398eba94f7a8667adad6be3d.owl-carousel .owl-nav div.owl-prev {\n    transform: translateY(-50%);\n    margin-top: 0px;\n  }\n}\n.gallery-carousel-shortcode.gallery-carousel-shortcode-id-4c31cf4e398eba94f7a8667adad6be3d.owl-carousel .owl-nav div.owl-prev i {\n  padding: 0px 0px 0px 0px;\n}\n.gallery-carousel-shortcode.gallery-carousel-shortcode-id-4c31cf4e398eba94f7a8667adad6be3d.owl-carousel .owl-nav div.owl-next {\n  top: 50%;\n  transform: translateY(calc(-50% + 0px));\n  right: -43px;\n}\n@media all and (-ms-high-contrast: none) {\n  .gallery-carousel-shortcode.gallery-carousel-shortcode-id-4c31cf4e398eba94f7a8667adad6be3d.owl-carousel .owl-nav div.owl-next {\n    transform: translateY(-50%);\n    margin-top: 0px;\n  }\n}\n.gallery-carousel-shortcode.gallery-carousel-shortcode-id-4c31cf4e398eba94f7a8667adad6be3d.owl-carousel .owl-nav div.owl-next i {\n  padding: 0px 0px 0px 0px;\n}\n.gallery-carousel-shortcode.gallery-carousel-shortcode-id-4c31cf4e398eba94f7a8667adad6be3d.owl-carousel .owl-nav i {\n  font-size: 18px;\n}\n.gallery-carousel-shortcode.gallery-carousel-shortcode-id-4c31cf4e398eba94f7a8667adad6be3d.owl-carousel .owl-nav div:not(:hover) i,\n.gallery-carousel-shortcode.gallery-carousel-shortcode-id-4c31cf4e398eba94f7a8667adad6be3d.owl-carousel .owl-nav div:not(:hover) i:before {\n  color: #ffffff;\n  background: none;\n}\n.gallery-carousel-shortcode.gallery-carousel-shortcode-id-4c31cf4e398eba94f7a8667adad6be3d.owl-carousel .owl-nav div:hover i,\n.gallery-carousel-shortcode.gallery-carousel-shortcode-id-4c31cf4e398eba94f7a8667adad6be3d.owl-carousel .owl-nav div:hover i:before {\n  color: rgba(255,255,255,0.75);\n  background: none;\n}\n.gallery-carousel-shortcode.gallery-carousel-shortcode-id-4c31cf4e398eba94f7a8667adad6be3d .owl-dots {\n  top: calc(100% + 20px);\n  left: 50%;\n  transform: translateX(calc(-50% + 0px));\n}\n@media all and (-ms-high-contrast: none) {\n  .gallery-carousel-shortcode.gallery-carousel-shortcode-id-4c31cf4e398eba94f7a8667adad6be3d .owl-dots {\n    transform: translateX(-50%);\n    margin-left: 0px;\n  }\n}\n.gallery-carousel-shortcode.gallery-carousel-shortcode-id-4c31cf4e398eba94f7a8667adad6be3d .owl-dot {\n  width: 10px;\n  height: 10px;\n  margin: 0 8px;\n}\n@media screen and (max-width: 778px) {\n  .gallery-carousel-shortcode.gallery-carousel-shortcode-id-4c31cf4e398eba94f7a8667adad6be3d.hide-arrows .owl-nav a {\n    display: none;\n  }\n}\n@media screen and (max-width: 778px) {\n  .gallery-carousel-shortcode.gallery-carousel-shortcode-id-4c31cf4e398eba94f7a8667adad6be3d.reposition-arrows .owl-nav .owl-prev {\n    top: 50%;\n    transform: translateY(calc(-50% + 0px));\n    left: 10px;\n  }\n  .gallery-carousel-shortcode.gallery-carousel-shortcode-id-4c31cf4e398eba94f7a8667adad6be3d.reposition-arrows .owl-nav .owl-next {\n    top: 50%;\n    transform: translateY(calc(-50% + 0px));\n    right: 10px;\n  }\n}\n@media screen and (max-width: 778px) and all and (-ms-high-contrast: none) {\n  .gallery-carousel-shortcode.gallery-carousel-shortcode-id-4c31cf4e398eba94f7a8667adad6be3d.reposition-arrows .owl-nav .owl-prev {\n    transform: translateY(-50%);\n    margin-top: 0px;\n  }\n}\n@media screen and (max-width: 778px) and all and (-ms-high-contrast: none) {\n  .gallery-carousel-shortcode.gallery-carousel-shortcode-id-4c31cf4e398eba94f7a8667adad6be3d.reposition-arrows .owl-nav .owl-next {\n    transform: translateY(-50%);\n    margin-top: 0px;\n  }\n}\n.gallery-carousel-shortcode.gallery-carousel-shortcode-id-4c31cf4e398eba94f7a8667adad6be3d figure,\n.gallery-carousel-shortcode.gallery-carousel-shortcode-id-4c31cf4e398eba94f7a8667adad6be3d .rollover,\n.gallery-carousel-shortcode.gallery-carousel-shortcode-id-4c31cf4e398eba94f7a8667adad6be3d img,\n.gallery-carousel-shortcode.gallery-carousel-shortcode-id-4c31cf4e398eba94f7a8667adad6be3d .gallery-rollover {\n  border-radius: 0px;\n}\n.gallery-carousel-shortcode.gallery-carousel-shortcode-id-4c31cf4e398eba94f7a8667adad6be3d.enable-bg-rollover .gallery-rollover {\n  background: -webkit-linear-gradient();\n  background: linear-gradient();\n}\n.gallery-carousel-shortcode.gallery-carousel-shortcode-id-4c31cf4e398eba94f7a8667adad6be3d.enable-img-shadow .owl-stage-outer {\n  padding: 14px 0;\n}\n.gallery-carousel-shortcode.gallery-carousel-shortcode-id-4c31cf4e398eba94f7a8667adad6be3d.enable-bg-rollover.hover-scale figure .rollover:after {\n  background: -webkit-linear-gradient();\n  background: linear-gradient();\n}\n.gallery-carousel-shortcode.gallery-carousel-shortcode-id-4c31cf4e398eba94f7a8667adad6be3d.gallery-shortcode .gallery-zoom-ico {\n  width: 44px;\n  height: 44px;\n  line-height: 44px;\n  border-radius: 100px;\n  margin: -22px 0 0 -22px;\n  border-width: 0px;\n}\n.dt-icon-bg-on.gallery-carousel-shortcode.gallery-carousel-shortcode-id-4c31cf4e398eba94f7a8667adad6be3d.gallery-shortcode .gallery-zoom-ico {\n  background: rgba(255,255,255,0.3);\n  box-shadow: none;\n}\n.gallery-carousel-shortcode.gallery-carousel-shortcode-id-4c31cf4e398eba94f7a8667adad6be3d.gallery-shortcode .gallery-zoom-ico:before,\n.gallery-carousel-shortcode.gallery-carousel-shortcode-id-4c31cf4e398eba94f7a8667adad6be3d.gallery-shortcode .gallery-zoom-ico span {\n  font-size: 32px;\n  line-height: 44px;\n  color: #ffffff;\n  background: none;\n}\n<\/style><div class=\"owl-carousel gallery-carousel-shortcode gallery-shortcode  dt-gallery-container dt-owl-carousel-call gallery-carousel-shortcode-id-4c31cf4e398eba94f7a8667adad6be3d quick-scale-img enable-bg-rollover meta-info-off dt-arrow-border-on dt-arrow-hover-border-on bullets-small-dot-stroke reposition-arrows dt-icon-bg-off arrows-bg-on disable-arrows-hover-bg arrows-hover-bg-on  hover-fade \" data-scroll-mode=\"1\" data-col-num=\"4\" data-wide-col-num=\"4\" data-laptop-col=\"4\" data-h-tablet-columns-num=\"4\" data-v-tablet-columns-num=\"3\" data-phone-columns-num=\"1\" data-col-gap=\"10\" data-stage-padding=\"0\" data-speed=\"600\" data-autoplay=\"false\" data-autoplay_speed=\"6000\" data-arrows=\"true\" data-bullet=\"false\" data-next-icon=\"icon-ar-017-r\" data-prev-icon=\"icon-ar-017-l\" data-img-shadow-size=\"12px\" data-img-shadow-spread=\"3px\"><div data-post-id=\"669\" data-date=\"2019-08-27T23:18:03+02:00\" data-name=\"Habitat-Cite_Salvador-1\"><figure class=\"post\"><a href=\"https:\/\/www.accion-habitat.org\/wp-content\/uploads\/2019\/08\/Habitat-Cite_Salvador-1.jpg\" class=\"rollover dt-pswp-item layzr-bg\" data-large_image_width=\"1024\" data-large_image_height=\"678\" data-dt-img-description=\"\" title=\"Habitat-Cite_Salvador-1\"><img class=\"preload-me owl-lazy-load aspect\" src=\"data:image\/svg+xml,%3Csvg%20xmlns%3D&#39;http%3A%2F%2Fwww.w3.org%2F2000%2Fsvg&#39;%20viewBox%3D&#39;0%200%201024%20678&#39;%2F%3E\" data-src=\"https:\/\/www.accion-habitat.org\/wp-content\/uploads\/2019\/08\/Habitat-Cite_Salvador-1.jpg\" data-srcset=\"https:\/\/www.accion-habitat.org\/wp-content\/uploads\/2019\/08\/Habitat-Cite_Salvador-1.jpg 1024w\" loading=\"eager\" style=\"--ratio: 1024 \/ 678\" sizes=\"(max-width: 1024px) 100vw, 1024px\" alt=\"\" width=\"1024\" height=\"678\"  \/><span class=\"gallery-rollover\"><span class=\"gallery-zoom-ico icomoon-the7-font-the7-zoom-06\"><span><\/span><\/span><\/span><\/a><\/figure><\/div><div data-post-id=\"666\" data-date=\"2019-08-27T23:18:02+02:00\" data-name=\"Habitat-Cite_Salvador-1-3\"><figure class=\"post\"><a href=\"https:\/\/www.accion-habitat.org\/wp-content\/uploads\/2019\/08\/Habitat-Cite_Salvador-1-3.jpg\" class=\"rollover dt-pswp-item layzr-bg\" data-large_image_width=\"1024\" data-large_image_height=\"678\" data-dt-img-description=\"\" title=\"Habitat-Cite_Salvador-1-3\"><img class=\"preload-me owl-lazy-load aspect\" src=\"data:image\/svg+xml,%3Csvg%20xmlns%3D&#39;http%3A%2F%2Fwww.w3.org%2F2000%2Fsvg&#39;%20viewBox%3D&#39;0%200%201024%20678&#39;%2F%3E\" data-src=\"https:\/\/www.accion-habitat.org\/wp-content\/uploads\/2019\/08\/Habitat-Cite_Salvador-1-3.jpg\" data-srcset=\"https:\/\/www.accion-habitat.org\/wp-content\/uploads\/2019\/08\/Habitat-Cite_Salvador-1-3.jpg 1024w\" loading=\"eager\" style=\"--ratio: 1024 \/ 678\" sizes=\"(max-width: 1024px) 100vw, 1024px\" alt=\"\" width=\"1024\" height=\"678\"  \/><span class=\"gallery-rollover\"><span class=\"gallery-zoom-ico icomoon-the7-font-the7-zoom-06\"><span><\/span><\/span><\/span><\/a><\/figure><\/div><div data-post-id=\"663\" data-date=\"2019-08-27T23:18:00+02:00\" data-name=\"Habitat-Cite_Nicaragua\"><figure class=\"post\"><a href=\"https:\/\/www.accion-habitat.org\/wp-content\/uploads\/2019\/08\/Habitat-Cite_Nicaragua.jpg\" class=\"rollover dt-pswp-item layzr-bg\" data-large_image_width=\"1024\" data-large_image_height=\"683\" data-dt-img-description=\"\" title=\"Habitat-Cite_Nicaragua\"><img class=\"preload-me owl-lazy-load aspect\" src=\"data:image\/svg+xml,%3Csvg%20xmlns%3D&#39;http%3A%2F%2Fwww.w3.org%2F2000%2Fsvg&#39;%20viewBox%3D&#39;0%200%201024%20683&#39;%2F%3E\" data-src=\"https:\/\/www.accion-habitat.org\/wp-content\/uploads\/2019\/08\/Habitat-Cite_Nicaragua.jpg\" data-srcset=\"https:\/\/www.accion-habitat.org\/wp-content\/uploads\/2019\/08\/Habitat-Cite_Nicaragua.jpg 1024w\" loading=\"eager\" style=\"--ratio: 1024 \/ 683\" sizes=\"(max-width: 1024px) 100vw, 1024px\" alt=\"\" width=\"1024\" height=\"683\"  \/><span class=\"gallery-rollover\"><span class=\"gallery-zoom-ico icomoon-the7-font-the7-zoom-06\"><span><\/span><\/span><\/span><\/a><\/figure><\/div><div data-post-id=\"660\" data-date=\"2019-08-27T23:17:59+02:00\" data-name=\"Habitat-Cite_Nicaragua-03624\"><figure class=\"post\"><a href=\"https:\/\/www.accion-habitat.org\/wp-content\/uploads\/2019\/08\/Habitat-Cite_Nicaragua-03624.jpg\" class=\"rollover dt-pswp-item layzr-bg\" data-large_image_width=\"1024\" data-large_image_height=\"683\" data-dt-img-description=\"\" title=\"Habitat-Cite_Nicaragua-03624\"><img class=\"preload-me owl-lazy-load aspect\" src=\"data:image\/svg+xml,%3Csvg%20xmlns%3D&#39;http%3A%2F%2Fwww.w3.org%2F2000%2Fsvg&#39;%20viewBox%3D&#39;0%200%201024%20683&#39;%2F%3E\" data-src=\"https:\/\/www.accion-habitat.org\/wp-content\/uploads\/2019\/08\/Habitat-Cite_Nicaragua-03624.jpg\" data-srcset=\"https:\/\/www.accion-habitat.org\/wp-content\/uploads\/2019\/08\/Habitat-Cite_Nicaragua-03624.jpg 1024w\" loading=\"eager\" style=\"--ratio: 1024 \/ 683\" sizes=\"(max-width: 1024px) 100vw, 1024px\" alt=\"\" width=\"1024\" height=\"683\"  \/><span class=\"gallery-rollover\"><span class=\"gallery-zoom-ico icomoon-the7-font-the7-zoom-06\"><span><\/span><\/span><\/span><\/a><\/figure><\/div><div data-post-id=\"657\" data-date=\"2019-08-27T23:17:57+02:00\" data-name=\"Habitat-Cite_Haiti-4922\"><figure class=\"post\"><a href=\"https:\/\/www.accion-habitat.org\/wp-content\/uploads\/2019\/08\/Habitat-Cite_Haiti-4922.jpg\" class=\"rollover dt-pswp-item layzr-bg\" data-large_image_width=\"1024\" data-large_image_height=\"678\" data-dt-img-description=\"\" title=\"Habitat-Cite_Haiti-4922\"><img class=\"preload-me owl-lazy-load aspect\" src=\"data:image\/svg+xml,%3Csvg%20xmlns%3D&#39;http%3A%2F%2Fwww.w3.org%2F2000%2Fsvg&#39;%20viewBox%3D&#39;0%200%201024%20678&#39;%2F%3E\" data-src=\"https:\/\/www.accion-habitat.org\/wp-content\/uploads\/2019\/08\/Habitat-Cite_Haiti-4922.jpg\" data-srcset=\"https:\/\/www.accion-habitat.org\/wp-content\/uploads\/2019\/08\/Habitat-Cite_Haiti-4922.jpg 1024w\" loading=\"eager\" style=\"--ratio: 1024 \/ 678\" sizes=\"(max-width: 1024px) 100vw, 1024px\" alt=\"\" width=\"1024\" height=\"678\"  \/><span class=\"gallery-rollover\"><span class=\"gallery-zoom-ico icomoon-the7-font-the7-zoom-06\"><span><\/span><\/span><\/span><\/a><\/figure><\/div><div data-post-id=\"654\" data-date=\"2019-08-27T23:17:56+02:00\" data-name=\"Habitat-Cite_Haiti-26\"><figure class=\"post\"><a href=\"https:\/\/www.accion-habitat.org\/wp-content\/uploads\/2019\/08\/Habitat-Cite_Haiti-26.jpg\" class=\"rollover dt-pswp-item layzr-bg\" data-large_image_width=\"1024\" data-large_image_height=\"683\" data-dt-img-description=\"\" title=\"Habitat-Cite_Haiti-26\"><img class=\"preload-me owl-lazy-load aspect\" src=\"data:image\/svg+xml,%3Csvg%20xmlns%3D&#39;http%3A%2F%2Fwww.w3.org%2F2000%2Fsvg&#39;%20viewBox%3D&#39;0%200%201024%20683&#39;%2F%3E\" data-src=\"https:\/\/www.accion-habitat.org\/wp-content\/uploads\/2019\/08\/Habitat-Cite_Haiti-26.jpg\" data-srcset=\"https:\/\/www.accion-habitat.org\/wp-content\/uploads\/2019\/08\/Habitat-Cite_Haiti-26.jpg 1024w\" loading=\"eager\" style=\"--ratio: 1024 \/ 683\" sizes=\"(max-width: 1024px) 100vw, 1024px\" alt=\"\" width=\"1024\" height=\"683\"  \/><span class=\"gallery-rollover\"><span class=\"gallery-zoom-ico icomoon-the7-font-the7-zoom-06\"><span><\/span><\/span><\/span><\/a><\/figure><\/div><\/div>[vc_empty_space][\/vc_column][\/vc_row][vc_row][vc_column]<div class=\"dt-fancy-separator title-left h3-size accent-title-color\" style=\"width: 100%;\"><div class=\"dt-fancy-title\"><span class=\"separator-holder separator-left\"><\/span>El intercambio de conocimientos y la b\u00fasqueda de buenas pr\u00e1cticas<span class=\"separator-holder separator-right\"><\/span><\/div><\/div>[vc_column_text]La mayor\u00eda de los pa\u00edses de Am\u00e9rica Central y el Caribe se enfrentan a los mismos problemas socio-econ\u00f3micos y ambientales (vulnerabilidad a desastres naturales, deforestaci\u00f3n, h\u00e1bitat indigno &#8230;). En respuesta a estos problemas, las asociaciones locales, las comunidades locales o las comunidades de habitantes han desarrollado soluciones relevantes que pueden adaptarse f\u00e1cilmente en pa\u00edses con un contexto similar.<\/p>\n<p>En Hait\u00ed, El Salvador y Nicaragua, tenemos habilidades y recursos para proteger el medio ambiente y mejorar la vivienda. Compartimos problemas similares pero tenemos soluciones diferentes. El intercambio sobre los temas del medio ambiente, la construcci\u00f3n ecol\u00f3gica y los derechos de las mujeres se refuerzan mutuamente.<\/p>\n<p>Promovemos el intercambio de conocimientos entre personas de diferentes or\u00edgenes socioculturales. Llevado por los habitantes de barrios precarios, este proyecto se basa en intercambios entre comunidades, entre organizaciones locales pero tambi\u00e9n con profesionales especializados (ingenieros, arquitectos, agr\u00f3nomos, abogados, etc.).[\/vc_column_text]<div class=\"dt-fancy-separator title-left h3-size accent-title-color\" style=\"width: 100%;\"><div class=\"dt-fancy-title\"><span class=\"separator-holder separator-left\"><\/span>Gracias a una red de expertas<span class=\"separator-holder separator-right\"><\/span><\/div><\/div>[vc_column_text]El 70% de las personas pobres del mundo son mujeres. Una cifra que marca descaradamente las desigualdades generalizadas entre hombres y mujeres.<\/p>\n<p>Al alentar a las mujeres en situaciones precarias a capacitarse, organizarse y ser escuchadas, el proyecto ayuda a darles m\u00e1s visibilidad y reconocimiento. La emancipaci\u00f3n de la mujer es una fuerza impulsora hacia una mayor justicia social y una arma poderosa para la lucha contra la pobreza.[\/vc_column_text]<div class=\"dt-fancy-separator title-left h3-size accent-title-color\" style=\"width: 100%;\"><div class=\"dt-fancy-title\"><span class=\"separator-holder separator-left\"><\/span>Y logros concretos<span class=\"separator-holder separator-right\"><\/span><\/div><\/div>[vc_column_text]Tambi\u00e9n es la oportunidad para que cada comunidad y organizaci\u00f3n local asociada experimente con nuevas t\u00e9cnicas, para construir prototipos, como casas construidas con materiales naturales, edificios colectivos, estufas ecol\u00f3gicas o huertos, para contribuir concretamente a mejorar los lugares de vida de los habitantes.<\/p>\n<p>El proyecto comenz\u00f3 en enero de 2018. Ese a\u00f1o, 14 mujeres recibieron una capacitaci\u00f3n en alba\u00f1iler\u00eda y 5 prototipos de casas inspiradas en la arquitectura tradicional construida en Hait\u00ed. La culminaci\u00f3n de este a\u00f1o 2018, tuvo lugar una gran reuni\u00f3n entre la poblaci\u00f3n local y las organizaciones locales e internacionales en los pueblos de Tacachico y Alegr\u00eda (El Salvador), que reuni\u00f3 a participantes de Guatemala, Honduras, Nicaragua, M\u00e9xico, Hait\u00ed, Francia y, por supuesto, El Salvador.[\/vc_column_text][\/vc_column][\/vc_row]<\/p>\n<\/div>","protected":false},"excerpt":{"rendered":"<p>[vc_row][vc_column][vc_column_text]\u00abAcciones para mejorar la vivienda y las condiciones de vida para y por mujeres precarias en Am\u00e9rica Central y el Caribe\u00bb. Este es el nombre oficial de nuestro proyecto Acci\u00f3n por el H\u00e1bitat, cuyo objetivo es crear una red de expertas entre Nicaragua, El Salvador y Hait\u00ed para intercambiar buenas pr\u00e1cticas, mejorar sus conocimientos, reforzar&hellip;<\/p>\n","protected":false},"author":1,"featured_media":0,"parent":0,"menu_order":0,"comment_status":"closed","ping_status":"open","template":"","meta":[],"yoast_head":"<!-- This site is optimized with the Yoast SEO plugin v17.5 - https:\/\/yoast.com\/wordpress\/plugins\/seo\/ -->\n<title>Presentaci\u00f3n - Action pour l&#039;habitat | Acci\u00f3n por el h\u00e1bitat<\/title>\n<meta name=\"robots\" content=\"index, follow, max-snippet:-1, max-image-preview:large, max-video-preview:-1\" \/>\n<link rel=\"canonical\" href=\"https:\/\/www.accion-habitat.org\/es\/presentation\/\" \/>\n<meta property=\"og:locale\" content=\"es_ES\" \/>\n<meta property=\"og:type\" content=\"article\" \/>\n<meta property=\"og:title\" content=\"Presentaci\u00f3n - Action pour l&#039;habitat | Acci\u00f3n por el h\u00e1bitat\" \/>\n<meta property=\"og:description\" content=\"[vc_row][vc_column][vc_column_text]\u00abAcciones para mejorar la vivienda y las condiciones de vida para y por mujeres precarias en Am\u00e9rica Central y el Caribe\u00bb. Este es el nombre oficial de nuestro proyecto Acci\u00f3n por el H\u00e1bitat, cuyo objetivo es crear una red de expertas entre Nicaragua, El Salvador y Hait\u00ed para intercambiar buenas pr\u00e1cticas, mejorar sus conocimientos, reforzar&hellip;\" \/>\n<meta property=\"og:url\" content=\"https:\/\/www.accion-habitat.org\/es\/presentation\/\" \/>\n<meta property=\"og:site_name\" content=\"Action pour l&#039;habitat | Acci\u00f3n por el h\u00e1bitat\" \/>\n<meta property=\"article:modified_time\" content=\"2019-09-10T15:22:57+00:00\" \/>\n<meta name=\"twitter:card\" content=\"summary_large_image\" \/>\n<meta name=\"twitter:label1\" content=\"Tiempo de lectura\" \/>\n\t<meta name=\"twitter:data1\" content=\"3 minutos\" \/>\n<script type=\"application\/ld+json\" class=\"yoast-schema-graph\">{\"@context\":\"https:\/\/schema.org\",\"@graph\":[{\"@type\":\"WebSite\",\"@id\":\"https:\/\/www.accion-habitat.org\/es\/#website\",\"url\":\"https:\/\/www.accion-habitat.org\/es\/\",\"name\":\"Action pour l&#039;habitat | Acci\\u00f3n por el h\\u00e1bitat\",\"description\":\"intercambiar para cambiar | \\u00e9changer pour changer\",\"potentialAction\":[{\"@type\":\"SearchAction\",\"target\":{\"@type\":\"EntryPoint\",\"urlTemplate\":\"https:\/\/www.accion-habitat.org\/es\/?s={search_term_string}\"},\"query-input\":\"required name=search_term_string\"}],\"inLanguage\":\"es\"},{\"@type\":\"WebPage\",\"@id\":\"https:\/\/www.accion-habitat.org\/es\/presentation\/#webpage\",\"url\":\"https:\/\/www.accion-habitat.org\/es\/presentation\/\",\"name\":\"Presentaci\\u00f3n - Action pour l&#039;habitat | Acci\\u00f3n por el h\\u00e1bitat\",\"isPartOf\":{\"@id\":\"https:\/\/www.accion-habitat.org\/es\/#website\"},\"datePublished\":\"2019-05-08T21:03:19+00:00\",\"dateModified\":\"2019-09-10T15:22:57+00:00\",\"breadcrumb\":{\"@id\":\"https:\/\/www.accion-habitat.org\/es\/presentation\/#breadcrumb\"},\"inLanguage\":\"es\",\"potentialAction\":[{\"@type\":\"ReadAction\",\"target\":[\"https:\/\/www.accion-habitat.org\/es\/presentation\/\"]}]},{\"@type\":\"BreadcrumbList\",\"@id\":\"https:\/\/www.accion-habitat.org\/es\/presentation\/#breadcrumb\",\"itemListElement\":[{\"@type\":\"ListItem\",\"position\":1,\"name\":\"Accueil\",\"item\":\"https:\/\/www.accion-habitat.org\/es\/\"},{\"@type\":\"ListItem\",\"position\":2,\"name\":\"Presentaci\\u00f3n\"}]}]}<\/script>\n<!-- \/ Yoast SEO plugin. -->","yoast_head_json":{"title":"Presentaci\u00f3n - Action pour l&#039;habitat | Acci\u00f3n por el h\u00e1bitat","robots":{"index":"index","follow":"follow","max-snippet":"max-snippet:-1","max-image-preview":"max-image-preview:large","max-video-preview":"max-video-preview:-1"},"canonical":"https:\/\/www.accion-habitat.org\/es\/presentation\/","og_locale":"es_ES","og_type":"article","og_title":"Presentaci\u00f3n - Action pour l&#039;habitat | Acci\u00f3n por el h\u00e1bitat","og_description":"[vc_row][vc_column][vc_column_text]\u00abAcciones para mejorar la vivienda y las condiciones de vida para y por mujeres precarias en Am\u00e9rica Central y el Caribe\u00bb. Este es el nombre oficial de nuestro proyecto Acci\u00f3n por el H\u00e1bitat, cuyo objetivo es crear una red de expertas entre Nicaragua, El Salvador y Hait\u00ed para intercambiar buenas pr\u00e1cticas, mejorar sus conocimientos, reforzar&hellip;","og_url":"https:\/\/www.accion-habitat.org\/es\/presentation\/","og_site_name":"Action pour l&#039;habitat | Acci\u00f3n por el h\u00e1bitat","article_modified_time":"2019-09-10T15:22:57+00:00","twitter_card":"summary_large_image","twitter_misc":{"Tiempo de lectura":"3 minutos"},"schema":{"@context":"https:\/\/schema.org","@graph":[{"@type":"WebSite","@id":"https:\/\/www.accion-habitat.org\/es\/#website","url":"https:\/\/www.accion-habitat.org\/es\/","name":"Action pour l&#039;habitat | Acci\u00f3n por el h\u00e1bitat","description":"intercambiar para cambiar | \u00e9changer pour changer","potentialAction":[{"@type":"SearchAction","target":{"@type":"EntryPoint","urlTemplate":"https:\/\/www.accion-habitat.org\/es\/?s={search_term_string}"},"query-input":"required name=search_term_string"}],"inLanguage":"es"},{"@type":"WebPage","@id":"https:\/\/www.accion-habitat.org\/es\/presentation\/#webpage","url":"https:\/\/www.accion-habitat.org\/es\/presentation\/","name":"Presentaci\u00f3n - Action pour l&#039;habitat | Acci\u00f3n por el h\u00e1bitat","isPartOf":{"@id":"https:\/\/www.accion-habitat.org\/es\/#website"},"datePublished":"2019-05-08T21:03:19+00:00","dateModified":"2019-09-10T15:22:57+00:00","breadcrumb":{"@id":"https:\/\/www.accion-habitat.org\/es\/presentation\/#breadcrumb"},"inLanguage":"es","potentialAction":[{"@type":"ReadAction","target":["https:\/\/www.accion-habitat.org\/es\/presentation\/"]}]},{"@type":"BreadcrumbList","@id":"https:\/\/www.accion-habitat.org\/es\/presentation\/#breadcrumb","itemListElement":[{"@type":"ListItem","position":1,"name":"Accueil","item":"https:\/\/www.accion-habitat.org\/es\/"},{"@type":"ListItem","position":2,"name":"Presentaci\u00f3n"}]}]}},"_links":{"self":[{"href":"https:\/\/www.accion-habitat.org\/es\/wp-json\/wp\/v2\/pages\/27"}],"collection":[{"href":"https:\/\/www.accion-habitat.org\/es\/wp-json\/wp\/v2\/pages"}],"about":[{"href":"https:\/\/www.accion-habitat.org\/es\/wp-json\/wp\/v2\/types\/page"}],"author":[{"embeddable":true,"href":"https:\/\/www.accion-habitat.org\/es\/wp-json\/wp\/v2\/users\/1"}],"replies":[{"embeddable":true,"href":"https:\/\/www.accion-habitat.org\/es\/wp-json\/wp\/v2\/comments?post=27"}],"version-history":[{"count":9,"href":"https:\/\/www.accion-habitat.org\/es\/wp-json\/wp\/v2\/pages\/27\/revisions"}],"predecessor-version":[{"id":1024,"href":"https:\/\/www.accion-habitat.org\/es\/wp-json\/wp\/v2\/pages\/27\/revisions\/1024"}],"wp:attachment":[{"href":"https:\/\/www.accion-habitat.org\/es\/wp-json\/wp\/v2\/media?parent=27"}],"curies":[{"name":"wp","href":"https:\/\/api.w.org\/{rel}","templated":true}]}}