{"id":847,"date":"2019-05-10T00:54:38","date_gmt":"2019-05-09T22:54:38","guid":{"rendered":"http:\/\/www.accion-habitat.org\/contacts\/"},"modified":"2024-04-11T17:06:03","modified_gmt":"2024-04-11T15:06:03","slug":"contacts","status":"publish","type":"page","link":"http:\/\/www.accion-habitat.org\/ht\/contacts\/","title":{"rendered":"Contacts"},"content":{"rendered":"<div class=\"wpb-content-wrapper\"><p>[vc_row][vc_column][vc_column_text]<strong>Contacts Habitat-Cit\u00e9<\/strong><\/p>\n<p>62, rue Vergniaud 75013 Paris. FRANCE<\/p>\n<p>Email : association@habitat-cite.org<\/p>\n<p>T\u00e9l. : +33 (0) 1. 45.88.71.75[\/vc_column_text][\/vc_column][\/vc_row]<\/p>\n<\/div>","protected":false},"excerpt":{"rendered":"<p>[vc_row][vc_column][vc_column_text]Contacts Habitat-Cit\u00e9 62, rue Vergniaud 75013 Paris. FRANCE Email : association@habitat-cite.org T\u00e9l. : +33 (0) 1. 45.88.71.75[\/vc_column_text][\/vc_column][\/vc_row]<\/p>\n","protected":false},"author":1,"featured_media":0,"parent":0,"menu_order":0,"comment_status":"closed","ping_status":"closed","template":"","meta":[],"yoast_head":"<!-- This site is optimized with the Yoast SEO plugin v17.5 - https:\/\/yoast.com\/wordpress\/plugins\/seo\/ -->\n<title>Contacts - Action pour l&#039;habitat | Acci\u00f3n por el h\u00e1bitat<\/title>\n<meta name=\"robots\" content=\"index, follow, max-snippet:-1, max-image-preview:large, max-video-preview:-1\" \/>\n<link rel=\"canonical\" href=\"http:\/\/www.accion-habitat.org\/ht\/contacts\/\" \/>\n<meta property=\"og:locale\" content=\"ht_HT\" \/>\n<meta property=\"og:type\" content=\"article\" \/>\n<meta property=\"og:title\" content=\"Contacts - Action pour l&#039;habitat | Acci\u00f3n por el h\u00e1bitat\" \/>\n<meta property=\"og:description\" content=\"[vc_row][vc_column][vc_column_text]Contacts Habitat-Cit\u00e9 62, rue Vergniaud 75013 Paris. FRANCE Email : association@habitat-cite.org T\u00e9l. : +33 (0) 1. 45.88.71.75[\/vc_column_text][\/vc_column][\/vc_row]\" \/>\n<meta property=\"og:url\" content=\"http:\/\/www.accion-habitat.org\/ht\/contacts\/\" \/>\n<meta property=\"og:site_name\" content=\"Action pour l&#039;habitat | Acci\u00f3n por el h\u00e1bitat\" \/>\n<meta property=\"article:modified_time\" content=\"2024-04-11T15:06:03+00:00\" \/>\n<meta name=\"twitter:card\" content=\"summary_large_image\" \/>\n<meta name=\"twitter:label1\" content=\"Est. reading time\" \/>\n\t<meta name=\"twitter:data1\" content=\"1 minute\" \/>\n<script type=\"application\/ld+json\" class=\"yoast-schema-graph\">{\"@context\":\"https:\/\/schema.org\",\"@graph\":[{\"@type\":\"WebSite\",\"@id\":\"http:\/\/www.accion-habitat.org\/ht\/#website\",\"url\":\"http:\/\/www.accion-habitat.org\/ht\/\",\"name\":\"Action pour l&#039;habitat | Acci\\u00f3n por el h\\u00e1bitat\",\"description\":\"intercambiar para cambiar | \\u00e9changer pour changer\",\"potentialAction\":[{\"@type\":\"SearchAction\",\"target\":{\"@type\":\"EntryPoint\",\"urlTemplate\":\"http:\/\/www.accion-habitat.org\/ht\/?s={search_term_string}\"},\"query-input\":\"required name=search_term_string\"}],\"inLanguage\":\"ht-HT\"},{\"@type\":\"WebPage\",\"@id\":\"http:\/\/www.accion-habitat.org\/ht\/contacts\/#webpage\",\"url\":\"http:\/\/www.accion-habitat.org\/ht\/contacts\/\",\"name\":\"Contacts - Action pour l&#039;habitat | Acci\\u00f3n por el h\\u00e1bitat\",\"isPartOf\":{\"@id\":\"http:\/\/www.accion-habitat.org\/ht\/#website\"},\"datePublished\":\"2019-05-09T22:54:38+00:00\",\"dateModified\":\"2024-04-11T15:06:03+00:00\",\"breadcrumb\":{\"@id\":\"http:\/\/www.accion-habitat.org\/ht\/contacts\/#breadcrumb\"},\"inLanguage\":\"ht-HT\",\"potentialAction\":[{\"@type\":\"ReadAction\",\"target\":[\"http:\/\/www.accion-habitat.org\/ht\/contacts\/\"]}]},{\"@type\":\"BreadcrumbList\",\"@id\":\"http:\/\/www.accion-habitat.org\/ht\/contacts\/#breadcrumb\",\"itemListElement\":[{\"@type\":\"ListItem\",\"position\":1,\"name\":\"Accueil\",\"item\":\"http:\/\/www.accion-habitat.org\/ht\/\"},{\"@type\":\"ListItem\",\"position\":2,\"name\":\"Contacts\"}]}]}<\/script>\n<!-- \/ Yoast SEO plugin. -->","yoast_head_json":{"title":"Contacts - Action pour l&#039;habitat | Acci\u00f3n por el h\u00e1bitat","robots":{"index":"index","follow":"follow","max-snippet":"max-snippet:-1","max-image-preview":"max-image-preview:large","max-video-preview":"max-video-preview:-1"},"canonical":"http:\/\/www.accion-habitat.org\/ht\/contacts\/","og_locale":"ht_HT","og_type":"article","og_title":"Contacts - Action pour l&#039;habitat | Acci\u00f3n por el h\u00e1bitat","og_description":"[vc_row][vc_column][vc_column_text]Contacts Habitat-Cit\u00e9 62, rue Vergniaud 75013 Paris. FRANCE Email : association@habitat-cite.org T\u00e9l. : +33 (0) 1. 45.88.71.75[\/vc_column_text][\/vc_column][\/vc_row]","og_url":"http:\/\/www.accion-habitat.org\/ht\/contacts\/","og_site_name":"Action pour l&#039;habitat | Acci\u00f3n por el h\u00e1bitat","article_modified_time":"2024-04-11T15:06:03+00:00","twitter_card":"summary_large_image","twitter_misc":{"Est. reading time":"1 minute"},"schema":{"@context":"https:\/\/schema.org","@graph":[{"@type":"WebSite","@id":"http:\/\/www.accion-habitat.org\/ht\/#website","url":"http:\/\/www.accion-habitat.org\/ht\/","name":"Action pour l&#039;habitat | Acci\u00f3n por el h\u00e1bitat","description":"intercambiar para cambiar | \u00e9changer pour changer","potentialAction":[{"@type":"SearchAction","target":{"@type":"EntryPoint","urlTemplate":"http:\/\/www.accion-habitat.org\/ht\/?s={search_term_string}"},"query-input":"required name=search_term_string"}],"inLanguage":"ht-HT"},{"@type":"WebPage","@id":"http:\/\/www.accion-habitat.org\/ht\/contacts\/#webpage","url":"http:\/\/www.accion-habitat.org\/ht\/contacts\/","name":"Contacts - Action pour l&#039;habitat | Acci\u00f3n por el h\u00e1bitat","isPartOf":{"@id":"http:\/\/www.accion-habitat.org\/ht\/#website"},"datePublished":"2019-05-09T22:54:38+00:00","dateModified":"2024-04-11T15:06:03+00:00","breadcrumb":{"@id":"http:\/\/www.accion-habitat.org\/ht\/contacts\/#breadcrumb"},"inLanguage":"ht-HT","potentialAction":[{"@type":"ReadAction","target":["http:\/\/www.accion-habitat.org\/ht\/contacts\/"]}]},{"@type":"BreadcrumbList","@id":"http:\/\/www.accion-habitat.org\/ht\/contacts\/#breadcrumb","itemListElement":[{"@type":"ListItem","position":1,"name":"Accueil","item":"http:\/\/www.accion-habitat.org\/ht\/"},{"@type":"ListItem","position":2,"name":"Contacts"}]}]}},"_links":{"self":[{"href":"http:\/\/www.accion-habitat.org\/ht\/wp-json\/wp\/v2\/pages\/847"}],"collection":[{"href":"http:\/\/www.accion-habitat.org\/ht\/wp-json\/wp\/v2\/pages"}],"about":[{"href":"http:\/\/www.accion-habitat.org\/ht\/wp-json\/wp\/v2\/types\/page"}],"author":[{"embeddable":true,"href":"http:\/\/www.accion-habitat.org\/ht\/wp-json\/wp\/v2\/users\/1"}],"replies":[{"embeddable":true,"href":"http:\/\/www.accion-habitat.org\/ht\/wp-json\/wp\/v2\/comments?post=847"}],"version-history":[{"count":1,"href":"http:\/\/www.accion-habitat.org\/ht\/wp-json\/wp\/v2\/pages\/847\/revisions"}],"predecessor-version":[{"id":1926,"href":"http:\/\/www.accion-habitat.org\/ht\/wp-json\/wp\/v2\/pages\/847\/revisions\/1926"}],"wp:attachment":[{"href":"http:\/\/www.accion-habitat.org\/ht\/wp-json\/wp\/v2\/media?parent=847"}],"curies":[{"name":"wp","href":"https:\/\/api.w.org\/{rel}","templated":true}]}}