{"id":94,"date":"2019-05-10T01:16:09","date_gmt":"2019-05-09T23:16:09","guid":{"rendered":"http:\/\/www.accion-habitat.org\/partenaires\/"},"modified":"2019-09-09T14:59:59","modified_gmt":"2019-09-09T12:59:59","slug":"partenaires","status":"publish","type":"page","link":"http:\/\/www.accion-habitat.org\/es\/partenaires\/","title":{"rendered":"Socios"},"content":{"rendered":"<div class=\"wpb-content-wrapper\"><p>[vc_row][vc_column]<div class=\"dt-fancy-separator h3-size title-color accent-border-color\" style=\"width: 100%;\"><div class=\"dt-fancy-title bg-on\"><span class=\"separator-holder separator-left\"><\/span>Los socios locales<span class=\"separator-holder separator-right\"><\/span><\/div><\/div>[vc_empty_space]<div class=\"dt-fancy-separator title-left h4-size\" style=\"width: 100%;\"><div class=\"dt-fancy-title bg-on\" style=\"color: #ffffff;background-color: #c68f14;\"><span class=\"separator-holder separator-left\" style=\"border-color: #c68f14;\"><\/span>En Hait\u00ed<span class=\"separator-holder separator-right\" style=\"border-color: #c68f14;\"><\/span><\/div><\/div>[vc_empty_space][\/vc_column][\/vc_row][vc_row][vc_column width=\u00bb1\/6&#8243;][vc_single_image image=\u00bb118&#8243; img_size=\u00bbfull\u00bb][\/vc_column][vc_column width=\u00bb5\/6&#8243;][vc_column_text]<\/p>\n<h3>OJUCAH<\/h3>\n<p>Organismo comunitario de la comuna de La Vall\u00e9e de Jacmel en el sur este de Hait\u00ed. 1 200 miembros, 3 asalariados.<\/p>\n<p>Desde 1998, el objetivo de Ojucah es mejorar las condiciones de vida de los habitantes entre los m\u00e1s pobres realizando proyectos de desarrollo sostenible.<\/p>\n<p><em>&gt; Principales campos de actividades: educaci\u00f3n, inserci\u00f3n econ\u00f3mica, derechos de las mujeres<\/em>[\/vc_column_text][vc_btn title=\u00bbSitio web\u00bb shape=\u00bbsquare\u00bb i_icon_fontawesome=\u00bbfa fa-external-link-square\u00bb add_icon=\u00bbtrue\u00bb link=\u00bburl:http%3A%2F%2Fojucah-org.blogspot.com%2F||target:%20_blank|\u00bb][\/vc_column][\/vc_row][vc_row][vc_column][vc_separator][\/vc_column][\/vc_row][vc_row][vc_column width=\u00bb1\/6&#8243;][vc_single_image image=\u00bb156&#8243; img_size=\u00bbfull\u00bb][\/vc_column][vc_column width=\u00bb5\/6&#8243;][vc_column_text]<\/p>\n<h3>ADRESFEM<\/h3>\n<p>Asociaci\u00f3n de la comuna de La Vall\u00e9e (cerca de Jacmel), en el sureste de Hait\u00ed.<\/p>\n<p>Proveniente de Ojucah, Adresfem es una asociaci\u00f3n, compuesta principalmente por habitantes de La Vall\u00e9e, que lucha por el desarrollo econ\u00f3mico y la emancipaci\u00f3n de las mujeres de la regi\u00f3n.<\/p>\n<p><em>&gt; Principales campos de actividades: educaci\u00f3n, integraci\u00f3n econ\u00f3mica, derechos de las mujeres.<\/em>[\/vc_column_text][\/vc_column][\/vc_row][vc_row][vc_column][vc_empty_space]<div class=\"dt-fancy-separator title-left h4-size\" style=\"width: 100%;\"><div class=\"dt-fancy-title bg-on\" style=\"color: #ffffff;background-color: #c68f14;\"><span class=\"separator-holder separator-left\" style=\"border-color: #c68f14;\"><\/span>En El Salvador<span class=\"separator-holder separator-right\" style=\"border-color: #c68f14;\"><\/span><\/div><\/div>[vc_empty_space][\/vc_column][\/vc_row][vc_row][vc_column width=\u00bb1\/6&#8243;][vc_single_image image=\u00bb114&#8243; img_size=\u00bbfull\u00bb][\/vc_column][vc_column width=\u00bb5\/6&#8243;][vc_column_text]<\/p>\n<h3>FUNDASAL<\/h3>\n<p>Organizaci\u00f3n de influencia nacional. 50 a\u00f1os de existencia, 150 asalariados.<\/p>\n<p>FUNDASAL (Fundaci\u00f3n Salvadore\u00f1a de Desarrollo y Vivienda M\u00ednima) es una instituci\u00f3n privada, no gubernamental y sin fines de lucro. Inici\u00f3 sus actividades en 1968. Desde esa fecha trabaja para erradicar y humanizar los indignantes entornos y viviendas en que habitan las familias empobrecidas en El Salvador, para que vivan m\u00e1s dignamente, con seguridad, esperanza y en convivencia comunitaria.<\/p>\n<p><em>&gt; Principales campos de actividades: construcci\u00f3n de viviendas, cooperativas de h\u00e1bitat, formaci\u00f3n<\/em>[\/vc_column_text][vc_btn title=\u00bbSitio web\u00bb shape=\u00bbsquare\u00bb i_icon_fontawesome=\u00bbfa fa-external-link-square\u00bb add_icon=\u00bbtrue\u00bb link=\u00bburl:https%3A%2F%2Ffundasal.org.sv%2F||target:%20_blank|\u00bb][\/vc_column][\/vc_row][vc_row][vc_column][vc_empty_space]<div class=\"dt-fancy-separator title-left h4-size\" style=\"width: 100%;\"><div class=\"dt-fancy-title bg-on\" style=\"color: #ffffff;background-color: #c68f14;\"><span class=\"separator-holder separator-left\" style=\"border-color: #c68f14;\"><\/span>En Nicaragua<span class=\"separator-holder separator-right\" style=\"border-color: #c68f14;\"><\/span><\/div><\/div>[vc_empty_space][\/vc_column][\/vc_row][vc_row][vc_column width=\u00bb1\/6&#8243;][vc_single_image image=\u00bb108&#8243; img_size=\u00bbfull\u00bb][\/vc_column][vc_column width=\u00bb5\/6&#8243;][vc_column_text]<\/p>\n<h3>AMNLAE<\/h3>\n<p>Delegaci\u00f3n departamental de Granada, 40 a\u00f1os de existencia, 5 asalariados.<\/p>\n<p>AMNLAE (asociaci\u00f3n de Mujeres Luisa Amanda Espinoza) es una organizaci\u00f3n femenina que obra por los derechos de las mujeres, para la mejora de sus condiciones de vida y de su estado social a nivel nacional, AMNLAE cuenta con 150 000 miembros. Es una de las organizaciones pioneras en la defensa de los derechos de la mujer en Nicaragua.<\/p>\n<p><strong>La colaboraci\u00f3n con AMNLAE termin\u00f3 en octubre de 2018.<\/strong><\/p>\n<p><em>&gt; Principales campos de actividades: derechos de la mujer, salud, formaci\u00f3n, inserci\u00f3n econ\u00f3mica, construcci\u00f3n de viviendas<\/em>[\/vc_column_text][\/vc_column][\/vc_row][vc_row type=\u00bbvc_default\u00bb bg_type=\u00bbbg_color\u00bb bg_override=\u00bbfull\u00bb bg_color_value=\u00bb#f7f7f7&#8243;][vc_column][vc_empty_space]<div class=\"dt-fancy-separator h3-size title-color accent-border-color\" style=\"width: 100%;\"><div class=\"dt-fancy-title bg-on\"><span class=\"separator-holder separator-left\"><\/span>La coordinaci\u00f3n del proyecto<span class=\"separator-holder separator-right\"><\/span><\/div><\/div>[vc_empty_space]<div class=\"dt-fancy-separator title-left h4-size\" style=\"width: 100%;\"><div class=\"dt-fancy-title bg-on\" style=\"color: #ffffff;background-color: #c68f14;\"><span class=\"separator-holder separator-left\" style=\"border-color: #c68f14;\"><\/span>En Francia<span class=\"separator-holder separator-right\" style=\"border-color: #c68f14;\"><\/span><\/div><\/div>[vc_empty_space][\/vc_column][\/vc_row][vc_row type=\u00bbvc_default\u00bb bg_type=\u00bbbg_color\u00bb bg_override=\u00bbfull\u00bb bg_color_value=\u00bb#f7f7f7&#8243;][vc_column width=\u00bb1\/6&#8243;][vc_single_image image=\u00bb116&#8243; img_size=\u00bbfull\u00bb][\/vc_column][vc_column width=\u00bb5\/6&#8243;][vc_column_text]<\/p>\n<h3>Habitat-Cit\u00e9<\/h3>\n<p>Asociaci\u00f3n de solidaridad internacional. 7 asalariados, 2 voluntarios internacionales, 50 voluntarios activos.<\/p>\n<p>Creado en 2003, Habitat-Cit\u00e9 es una asociaci\u00f3n francesa de solidaridad internacional que trabaja en el \u00e1mbito de la falta de vivienda y por el acceso a los derechos fundamentales de las personas que viven en condiciones de gran precariedad: en la calle, en casas ocupadas, en asentamientos y en los barrios pobres.<\/p>\n<p>Habitat-Cit\u00e9 trabaja principalmente en los pa\u00edses de Am\u00e9rica latina, de Europa del este y en Francia en la regi\u00f3n de Ile-de-France<\/p>\n<p><em>&gt; Principales campos de actividad: acceso a los derechos, inserci\u00f3n profesional, construcci\u00f3n de viviendas<\/em>[\/vc_column_text][vc_btn title=\u00bbSitio web\u00bb shape=\u00bbsquare\u00bb i_icon_fontawesome=\u00bbfa fa-external-link-square\u00bb add_icon=\u00bbtrue\u00bb link=\u00bburl:http%3A%2F%2Fwww.habitat-cite.org%2F||target:%20_blank|\u00bb][\/vc_column][\/vc_row][vc_row type=\u00bbvc_default\u00bb bg_type=\u00bbbg_color\u00bb bg_override=\u00bbfull\u00bb bg_color_value=\u00bb#f7f7f7&#8243;][vc_column][vc_separator][\/vc_column][\/vc_row][vc_row type=\u00bbvc_default\u00bb bg_type=\u00bbbg_color\u00bb bg_override=\u00bbfull\u00bb bg_color_value=\u00bb#f7f7f7&#8243;][vc_column width=\u00bb1\/6&#8243;][vc_single_image image=\u00bb613&#8243; img_size=\u00bbfull\u00bb][\/vc_column][vc_column width=\u00bb5\/6&#8243;][vc_column_text]<\/p>\n<h3>CRAterre<\/h3>\n<p>CRAterre (Centro de b\u00fasqueda y de aplicaci\u00f3n en tierra) es una asociaci\u00f3n creada en 1979 iniciativa de estudiantes y destinada a promover la arquitectura de tierra cruda. Se volvi\u00f3 un laboratorio de investigaci\u00f3n sobre la construcci\u00f3n con tierra, situado en el Instituto Nacional Superior de Arquitectura de Grenoble (ENSAG), en Francia. Re\u00fane unos treinta investigadores, profesionales y maestros alrededor de un proyecto de difusi\u00f3n de saberes y de conocimiento de la construcci\u00f3n en tierra cruda en Francia y en el mundo.<\/p>\n<p>En el marco del proyecto CRAterre es el principal consejero sobre las preguntas t\u00e9cnicas de construcci\u00f3n locales.<\/p>\n<p><em>&gt; Principales campos de actividades: construcci\u00f3n con materiales naturales<\/em>[\/vc_column_text][vc_btn title=\u00bbSitio web\u00bb shape=\u00bbsquare\u00bb i_icon_fontawesome=\u00bbfa fa-external-link-square\u00bb add_icon=\u00bbtrue\u00bb link=\u00bburl:http%3A%2F%2Fcraterre.org%2F||target:%20_blank|\u00bb][vc_empty_space][\/vc_column][\/vc_row][vc_row][vc_column][vc_empty_space]<div class=\"dt-fancy-separator h3-size title-color accent-border-color\" style=\"width: 100%;\"><div class=\"dt-fancy-title bg-on\"><span class=\"separator-holder separator-left\"><\/span>Los financiadores<span class=\"separator-holder separator-right\"><\/span><\/div><\/div>[vc_empty_space]<div class=\"dt-fancy-separator title-left h4-size\" style=\"width: 100%;\"><div class=\"dt-fancy-title bg-on\" style=\"color: #ffffff;background-color: #c68f14;\"><span class=\"separator-holder separator-left\" style=\"border-color: #c68f14;\"><\/span>En Francia<span class=\"separator-holder separator-right\" style=\"border-color: #c68f14;\"><\/span><\/div><\/div>[vc_empty_space][\/vc_column][\/vc_row][vc_row][vc_column width=\u00bb1\/6&#8243;][vc_single_image image=\u00bb110&#8243; img_size=\u00bbfull\u00bb][\/vc_column][vc_column width=\u00bb5\/6&#8243;][vc_column_text]<\/p>\n<h3>AFD<\/h3>\n<p>La agencia francesa de desarrollo (AFD) es un establecimiento p\u00fablico que pone en obra la pol\u00edtica de Francia en materia de desarrollo y de solidaridad internacional.<\/p>\n<p>Clima, biodiversidad, paz, educaci\u00f3n, urbanismo, salud, gobernaci\u00f3n\u2026. El AFD act\u00faa para luchar contra la pobreza y favorecer el desarrollo sostenible. El AFD financia y acompa\u00f1a m\u00e1s de 4000 proyectos de fuerte impacto social y medio ambiental en 116 pa\u00edses.[\/vc_column_text][vc_btn title=\u00bbSitio web\u00bb shape=\u00bbsquare\u00bb i_icon_fontawesome=\u00bbfa fa-external-link-square\u00bb add_icon=\u00bbtrue\u00bb link=\u00bburl:https%3A%2F%2Fwww.afd.fr%2Ffr||target:%20_blank|\u00bb][\/vc_column][\/vc_row][vc_row][vc_column][vc_separator][\/vc_column][\/vc_row][vc_row][vc_column width=\u00bb1\/6&#8243;][vc_single_image image=\u00bb112&#8243; img_size=\u00bbfull\u00bb][\/vc_column][vc_column width=\u00bb5\/6&#8243;][vc_column_text]<\/p>\n<h3>Fondation Abb\u00e9 Pierre<\/h3>\n<p>La Fundaci\u00f3n Abb\u00e9 Pierre para la Vivienda de los Desfavorecidos tiene por misi\u00f3n permitir a todas las personas necesitadas acceder a una vivienda y a una vida digna.<\/p>\n<p>As\u00ed, la Fundaci\u00f3n Abb\u00e9-Pierre financia y acompa\u00f1a a asociaciones que luchan contra la falta de vivienda y la exclusi\u00f3n. La fundaci\u00f3n apoya cerca 900 proyectos por a\u00f1o, interviniendo principalmente en la construcci\u00f3n de viviendas muy sociales, el combate contra el h\u00e1bitat indigno, la ayuda y asistencia a personas sin casa, el consejo y acompa\u00f1amiento jur\u00eddico de personas viviendo en viviendas inadecuadas, la sensibilizaci\u00f3n de la opini\u00f3n e interpelaci\u00f3n de poderes p\u00fablicos.[\/vc_column_text][vc_btn title=\u00bbSitio web\u00bb shape=\u00bbsquare\u00bb i_icon_fontawesome=\u00bbfa fa-external-link-square\u00bb add_icon=\u00bbtrue\u00bb link=\u00bburl:https%3A%2F%2Fwww.fondation-abbe-pierre.fr%2F||target:%20_blank|\u00bb][\/vc_column][\/vc_row][vc_row][vc_column][vc_separator][\/vc_column][\/vc_row][vc_row][vc_column width=\u00bb1\/6&#8243;][vc_single_image image=\u00bb448&#8243; img_size=\u00bbfull\u00bb][\/vc_column][vc_column width=\u00bb5\/6&#8243;][vc_column_text]<\/p>\n<h3>Fondation Raja Marcovici<\/h3>\n<p>La fundaci\u00f3n RAJA-Dani\u00e8le Marcovici fue creado en 2006 en iniciativa de Dani\u00e8le Kapel Marcovici, presidenta y directora general del groupe RAJA. La fundaci\u00f3n desarrolla acciones de solidaridad y de filantrop\u00eda dedicadas a la emancipaci\u00f3n de las mujeres en el mundo entero.[\/vc_column_text][vc_btn title=\u00bbSitio web\u00bb shape=\u00bbsquare\u00bb i_icon_fontawesome=\u00bbfa fa-external-link-square\u00bb add_icon=\u00bbtrue\u00bb link=\u00bburl:https%3A%2F%2Fwww.fondation-raja-marcovici.com%2F||target:%20_blank|\u00bb][\/vc_column][\/vc_row]<\/p>\n<\/div>","protected":false},"excerpt":{"rendered":"<p>[vc_row][vc_column][vc_empty_space][vc_empty_space][\/vc_column][\/vc_row][vc_row][vc_column width=\u00bb1\/6&#8243;][vc_single_image image=\u00bb118&#8243; img_size=\u00bbfull\u00bb][\/vc_column][vc_column width=\u00bb5\/6&#8243;][vc_column_text] OJUCAH Organismo comunitario de la comuna de La Vall\u00e9e de Jacmel en el sur este de Hait\u00ed. 1 200 miembros, 3 asalariados. Desde 1998, el objetivo de Ojucah es mejorar las condiciones de vida de los habitantes entre los m\u00e1s pobres realizando proyectos de desarrollo sostenible. &gt; Principales campos de&hellip;<\/p>\n","protected":false},"author":1,"featured_media":0,"parent":0,"menu_order":0,"comment_status":"closed","ping_status":"closed","template":"","meta":[],"yoast_head":"<!-- This site is optimized with the Yoast SEO plugin v17.5 - https:\/\/yoast.com\/wordpress\/plugins\/seo\/ -->\n<title>Socios - Action pour l&#039;habitat | Acci\u00f3n por el h\u00e1bitat<\/title>\n<meta name=\"robots\" content=\"index, follow, max-snippet:-1, max-image-preview:large, max-video-preview:-1\" \/>\n<link rel=\"canonical\" href=\"http:\/\/www.accion-habitat.org\/es\/partenaires\/\" \/>\n<meta property=\"og:locale\" content=\"es_ES\" \/>\n<meta property=\"og:type\" content=\"article\" \/>\n<meta property=\"og:title\" content=\"Socios - Action pour l&#039;habitat | Acci\u00f3n por el h\u00e1bitat\" \/>\n<meta property=\"og:description\" content=\"[vc_row][vc_column][vc_empty_space][vc_empty_space][\/vc_column][\/vc_row][vc_row][vc_column width=\u00bb1\/6&#8243;][vc_single_image image=\u00bb118&#8243; img_size=\u00bbfull\u00bb][\/vc_column][vc_column width=\u00bb5\/6&#8243;][vc_column_text] OJUCAH Organismo comunitario de la comuna de La Vall\u00e9e de Jacmel en el sur este de Hait\u00ed. 1 200 miembros, 3 asalariados. Desde 1998, el objetivo de Ojucah es mejorar las condiciones de vida de los habitantes entre los m\u00e1s pobres realizando proyectos de desarrollo sostenible. &gt; Principales campos de&hellip;\" \/>\n<meta property=\"og:url\" content=\"http:\/\/www.accion-habitat.org\/es\/partenaires\/\" \/>\n<meta property=\"og:site_name\" content=\"Action pour l&#039;habitat | Acci\u00f3n por el h\u00e1bitat\" \/>\n<meta property=\"article:modified_time\" content=\"2019-09-09T12:59:59+00:00\" \/>\n<meta name=\"twitter:card\" content=\"summary_large_image\" \/>\n<meta name=\"twitter:label1\" content=\"Tiempo de lectura\" \/>\n\t<meta name=\"twitter:data1\" content=\"8 minutos\" \/>\n<script type=\"application\/ld+json\" class=\"yoast-schema-graph\">{\"@context\":\"https:\/\/schema.org\",\"@graph\":[{\"@type\":\"WebSite\",\"@id\":\"http:\/\/www.accion-habitat.org\/ht\/#website\",\"url\":\"http:\/\/www.accion-habitat.org\/ht\/\",\"name\":\"Action pour l&#039;habitat | Acci\\u00f3n por el h\\u00e1bitat\",\"description\":\"intercambiar para cambiar | \\u00e9changer pour changer\",\"potentialAction\":[{\"@type\":\"SearchAction\",\"target\":{\"@type\":\"EntryPoint\",\"urlTemplate\":\"http:\/\/www.accion-habitat.org\/ht\/?s={search_term_string}\"},\"query-input\":\"required name=search_term_string\"}],\"inLanguage\":\"es\"},{\"@type\":\"WebPage\",\"@id\":\"http:\/\/www.accion-habitat.org\/es\/partenaires\/#webpage\",\"url\":\"http:\/\/www.accion-habitat.org\/es\/partenaires\/\",\"name\":\"Socios - Action pour l&#039;habitat | Acci\\u00f3n por el h\\u00e1bitat\",\"isPartOf\":{\"@id\":\"http:\/\/www.accion-habitat.org\/ht\/#website\"},\"datePublished\":\"2019-05-09T23:16:09+00:00\",\"dateModified\":\"2019-09-09T12:59:59+00:00\",\"breadcrumb\":{\"@id\":\"http:\/\/www.accion-habitat.org\/es\/partenaires\/#breadcrumb\"},\"inLanguage\":\"es\",\"potentialAction\":[{\"@type\":\"ReadAction\",\"target\":[\"http:\/\/www.accion-habitat.org\/es\/partenaires\/\"]}]},{\"@type\":\"BreadcrumbList\",\"@id\":\"http:\/\/www.accion-habitat.org\/es\/partenaires\/#breadcrumb\",\"itemListElement\":[{\"@type\":\"ListItem\",\"position\":1,\"name\":\"Accueil\",\"item\":\"http:\/\/www.accion-habitat.org\/es\/\"},{\"@type\":\"ListItem\",\"position\":2,\"name\":\"Socios\"}]}]}<\/script>\n<!-- \/ Yoast SEO plugin. -->","yoast_head_json":{"title":"Socios - Action pour l&#039;habitat | Acci\u00f3n por el h\u00e1bitat","robots":{"index":"index","follow":"follow","max-snippet":"max-snippet:-1","max-image-preview":"max-image-preview:large","max-video-preview":"max-video-preview:-1"},"canonical":"http:\/\/www.accion-habitat.org\/es\/partenaires\/","og_locale":"es_ES","og_type":"article","og_title":"Socios - Action pour l&#039;habitat | Acci\u00f3n por el h\u00e1bitat","og_description":"[vc_row][vc_column][vc_empty_space][vc_empty_space][\/vc_column][\/vc_row][vc_row][vc_column width=\u00bb1\/6&#8243;][vc_single_image image=\u00bb118&#8243; img_size=\u00bbfull\u00bb][\/vc_column][vc_column width=\u00bb5\/6&#8243;][vc_column_text] OJUCAH Organismo comunitario de la comuna de La Vall\u00e9e de Jacmel en el sur este de Hait\u00ed. 1 200 miembros, 3 asalariados. Desde 1998, el objetivo de Ojucah es mejorar las condiciones de vida de los habitantes entre los m\u00e1s pobres realizando proyectos de desarrollo sostenible. &gt; Principales campos de&hellip;","og_url":"http:\/\/www.accion-habitat.org\/es\/partenaires\/","og_site_name":"Action pour l&#039;habitat | Acci\u00f3n por el h\u00e1bitat","article_modified_time":"2019-09-09T12:59:59+00:00","twitter_card":"summary_large_image","twitter_misc":{"Tiempo de lectura":"8 minutos"},"schema":{"@context":"https:\/\/schema.org","@graph":[{"@type":"WebSite","@id":"http:\/\/www.accion-habitat.org\/ht\/#website","url":"http:\/\/www.accion-habitat.org\/ht\/","name":"Action pour l&#039;habitat | Acci\u00f3n por el h\u00e1bitat","description":"intercambiar para cambiar | \u00e9changer pour changer","potentialAction":[{"@type":"SearchAction","target":{"@type":"EntryPoint","urlTemplate":"http:\/\/www.accion-habitat.org\/ht\/?s={search_term_string}"},"query-input":"required name=search_term_string"}],"inLanguage":"es"},{"@type":"WebPage","@id":"http:\/\/www.accion-habitat.org\/es\/partenaires\/#webpage","url":"http:\/\/www.accion-habitat.org\/es\/partenaires\/","name":"Socios - Action pour l&#039;habitat | Acci\u00f3n por el h\u00e1bitat","isPartOf":{"@id":"http:\/\/www.accion-habitat.org\/ht\/#website"},"datePublished":"2019-05-09T23:16:09+00:00","dateModified":"2019-09-09T12:59:59+00:00","breadcrumb":{"@id":"http:\/\/www.accion-habitat.org\/es\/partenaires\/#breadcrumb"},"inLanguage":"es","potentialAction":[{"@type":"ReadAction","target":["http:\/\/www.accion-habitat.org\/es\/partenaires\/"]}]},{"@type":"BreadcrumbList","@id":"http:\/\/www.accion-habitat.org\/es\/partenaires\/#breadcrumb","itemListElement":[{"@type":"ListItem","position":1,"name":"Accueil","item":"http:\/\/www.accion-habitat.org\/es\/"},{"@type":"ListItem","position":2,"name":"Socios"}]}]}},"_links":{"self":[{"href":"http:\/\/www.accion-habitat.org\/es\/wp-json\/wp\/v2\/pages\/94"}],"collection":[{"href":"http:\/\/www.accion-habitat.org\/es\/wp-json\/wp\/v2\/pages"}],"about":[{"href":"http:\/\/www.accion-habitat.org\/es\/wp-json\/wp\/v2\/types\/page"}],"author":[{"embeddable":true,"href":"http:\/\/www.accion-habitat.org\/es\/wp-json\/wp\/v2\/users\/1"}],"replies":[{"embeddable":true,"href":"http:\/\/www.accion-habitat.org\/es\/wp-json\/wp\/v2\/comments?post=94"}],"version-history":[{"count":6,"href":"http:\/\/www.accion-habitat.org\/es\/wp-json\/wp\/v2\/pages\/94\/revisions"}],"predecessor-version":[{"id":947,"href":"http:\/\/www.accion-habitat.org\/es\/wp-json\/wp\/v2\/pages\/94\/revisions\/947"}],"wp:attachment":[{"href":"http:\/\/www.accion-habitat.org\/es\/wp-json\/wp\/v2\/media?parent=94"}],"curies":[{"name":"wp","href":"https:\/\/api.w.org\/{rel}","templated":true}]}}