{"id":64,"date":"2019-05-10T00:50:26","date_gmt":"2019-05-09T22:50:26","guid":{"rendered":"http:\/\/www.accion-habitat.org\/le-magazine\/"},"modified":"2019-07-05T13:26:17","modified_gmt":"2019-07-05T11:26:17","slug":"actualites-agenda","status":"publish","type":"page","link":"http:\/\/www.accion-habitat.org\/es\/actualites-agenda\/","title":{"rendered":"Noticias \/ Agenda"},"content":{"rendered":"<div class=\"wpb-content-wrapper\"><p>[vc_row][vc_column]<style type=\"text\/css\" data-type=\"the7_shortcodes-inline-css\">.blog-shortcode.blog-masonry-shortcode-id-9e18b0e3a8fadb223654a40b9b50c7b2.dividers-on.classic-layout-list article {\n  padding-top: 0;\n}\n.blog-shortcode.blog-masonry-shortcode-id-9e18b0e3a8fadb223654a40b9b50c7b2.dividers-on.classic-layout-list article:first-of-type {\n  margin-top: 0;\n  padding-top: 0;\n}\n.blog-shortcode.blog-masonry-shortcode-id-9e18b0e3a8fadb223654a40b9b50c7b2.classic-layout-list.mode-list .post-entry-content {\n  width: calc(100% - );\n}\n.blog-shortcode.blog-masonry-shortcode-id-9e18b0e3a8fadb223654a40b9b50c7b2.classic-layout-list.mode-list .no-img .post-entry-content {\n  width: 100%;\n}\n.blog-shortcode.blog-masonry-shortcode-id-9e18b0e3a8fadb223654a40b9b50c7b2 .filter-bg-decoration .filter-categories a.act {\n  color: #fff;\n}\n.blog-shortcode.blog-masonry-shortcode-id-9e18b0e3a8fadb223654a40b9b50c7b2:not(.mode-masonry) article:first-of-type,\n.blog-shortcode.blog-masonry-shortcode-id-9e18b0e3a8fadb223654a40b9b50c7b2:not(.mode-masonry) article.visible.first:not(.product) {\n  margin-top: 0;\n}\n.blog-shortcode.blog-masonry-shortcode-id-9e18b0e3a8fadb223654a40b9b50c7b2.dividers-on:not(.mode-masonry) article {\n  margin-top: 0;\n}\n.blog-shortcode.blog-masonry-shortcode-id-9e18b0e3a8fadb223654a40b9b50c7b2.dividers-on:not(.mode-masonry) article:first-of-type,\n.blog-shortcode.blog-masonry-shortcode-id-9e18b0e3a8fadb223654a40b9b50c7b2.dividers-on:not(.mode-masonry) article.visible.first:not(.product) {\n  margin-top: 0;\n  padding-top: 0;\n}\n.blog-shortcode.blog-masonry-shortcode-id-9e18b0e3a8fadb223654a40b9b50c7b2 .post-thumbnail-wrap {\n  padding: 0px 0px 0px 0px;\n}\n.blog-shortcode.blog-masonry-shortcode-id-9e18b0e3a8fadb223654a40b9b50c7b2.enable-bg-rollover .post-thumbnail-rollover:after {\n  background: -webkit-linear-gradient();\n  background: linear-gradient();\n}\n.blog-shortcode.blog-masonry-shortcode-id-9e18b0e3a8fadb223654a40b9b50c7b2 .gallery-zoom-ico {\n  width: 44px;\n  height: 44px;\n  line-height: 44px;\n  border-radius: 100px;\n  margin: -22px 0 0 -22px;\n  border-width: 0px;\n  color: #ffffff;\n}\n.bottom-overlap-layout-list.blog-shortcode.blog-masonry-shortcode-id-9e18b0e3a8fadb223654a40b9b50c7b2 .gallery-zoom-ico {\n  margin-top: -72px;\n}\n.gradient-overlay-layout-list.blog-shortcode.blog-masonry-shortcode-id-9e18b0e3a8fadb223654a40b9b50c7b2 .gallery-zoom-ico,\n.content-rollover-layout-list.blog-shortcode.blog-masonry-shortcode-id-9e18b0e3a8fadb223654a40b9b50c7b2 .gallery-zoom-ico {\n  margin: 0 0 10px;\n}\n.content-align-center.gradient-overlay-layout-list.blog-shortcode.blog-masonry-shortcode-id-9e18b0e3a8fadb223654a40b9b50c7b2 .gallery-zoom-ico,\n.content-align-center.content-rollover-layout-list.blog-shortcode.blog-masonry-shortcode-id-9e18b0e3a8fadb223654a40b9b50c7b2 .gallery-zoom-ico {\n  margin: 0 auto 10px;\n}\n.dt-icon-bg-on.blog-shortcode.blog-masonry-shortcode-id-9e18b0e3a8fadb223654a40b9b50c7b2 .gallery-zoom-ico {\n  background: rgba(255,255,255,0.3);\n  box-shadow: none;\n}\n.blog-shortcode.blog-masonry-shortcode-id-9e18b0e3a8fadb223654a40b9b50c7b2 .gallery-zoom-ico > span,\n.blog-shortcode.blog-masonry-shortcode-id-9e18b0e3a8fadb223654a40b9b50c7b2 .gallery-zoom-ico:before {\n  font-size: 32px;\n  line-height: 44px;\n}\n.blog-shortcode.blog-masonry-shortcode-id-9e18b0e3a8fadb223654a40b9b50c7b2 .gallery-zoom-ico > span,\n.blog-shortcode.blog-masonry-shortcode-id-9e18b0e3a8fadb223654a40b9b50c7b2 .gallery-zoom-ico:before {\n  color: #ffffff;\n}\n.blog-shortcode.blog-masonry-shortcode-id-9e18b0e3a8fadb223654a40b9b50c7b2 .entry-title,\n.blog-shortcode.blog-masonry-shortcode-id-9e18b0e3a8fadb223654a40b9b50c7b2.owl-carousel .entry-title {\n  margin-bottom: 5px;\n  font-weight: bold;\n}\n.blog-shortcode.blog-masonry-shortcode-id-9e18b0e3a8fadb223654a40b9b50c7b2 .entry-meta {\n  margin-bottom: 15px;\n}\n.blog-shortcode.blog-masonry-shortcode-id-9e18b0e3a8fadb223654a40b9b50c7b2 .portfolio-categories {\n  margin-bottom: 15px;\n}\n.blog-shortcode.blog-masonry-shortcode-id-9e18b0e3a8fadb223654a40b9b50c7b2 .entry-excerpt {\n  margin-bottom: 5px;\n}\n.blog-shortcode.blog-masonry-shortcode-id-9e18b0e3a8fadb223654a40b9b50c7b2:not(.centered-layout-list) .post-entry-content {\n  padding: 25px 30px 30px 30px;\n}\n.blog-shortcode.blog-masonry-shortcode-id-9e18b0e3a8fadb223654a40b9b50c7b2:not(.centered-layout-list):not(.content-bg-on):not(.mode-list) .no-img .post-entry-content {\n  padding: 0;\n}\n@media screen and (max-width: ) {\n  .blog-shortcode.blog-masonry-shortcode-id-9e18b0e3a8fadb223654a40b9b50c7b2 article {\n    -ms-flex-flow: column nowrap;\n    flex-flow: column nowrap;\n    margin-top: 20px;\n  }\n  .blog-shortcode.blog-masonry-shortcode-id-9e18b0e3a8fadb223654a40b9b50c7b2.dividers-on article {\n    border: none;\n  }\n  .blog-shortcode.blog-masonry-shortcode-id-9e18b0e3a8fadb223654a40b9b50c7b2.content-bg-on.centered-layout-list article {\n    padding: 0;\n  }\n  .blog-shortcode.blog-masonry-shortcode-id-9e18b0e3a8fadb223654a40b9b50c7b2.blog-shortcode.dividers-on article,\n  .blog-shortcode.blog-masonry-shortcode-id-9e18b0e3a8fadb223654a40b9b50c7b2.dividers-on.classic-layout-list article {\n    margin-top: 20px;\n    padding: 0;\n  }\n  .blog-shortcode.blog-masonry-shortcode-id-9e18b0e3a8fadb223654a40b9b50c7b2.blog-shortcode.dividers-on article:first-of-type,\n  .blog-shortcode.blog-masonry-shortcode-id-9e18b0e3a8fadb223654a40b9b50c7b2.dividers-on.classic-layout-list article:first-of-type {\n    padding: 0;\n  }\n  #page .blog-shortcode.blog-masonry-shortcode-id-9e18b0e3a8fadb223654a40b9b50c7b2 .post-thumbnail-wrap,\n  #page .blog-shortcode.blog-masonry-shortcode-id-9e18b0e3a8fadb223654a40b9b50c7b2 .post-entry-content {\n    width: 100%;\n    margin: 0;\n    top: 0;\n  }\n  #page .blog-shortcode.blog-masonry-shortcode-id-9e18b0e3a8fadb223654a40b9b50c7b2 .post-thumbnail-wrap {\n    padding: 0;\n  }\n  #page .blog-shortcode.blog-masonry-shortcode-id-9e18b0e3a8fadb223654a40b9b50c7b2 .post-entry-content:after {\n    display: none;\n  }\n  #page .blog-shortcode.blog-masonry-shortcode-id-9e18b0e3a8fadb223654a40b9b50c7b2 .project-even .post-thumbnail-wrap,\n  #page .blog-shortcode.blog-masonry-shortcode-id-9e18b0e3a8fadb223654a40b9b50c7b2.centered-layout-list .post-thumbnail-wrap {\n    -ms-flex-order: 0;\n    order: 0;\n  }\n  #page .blog-shortcode.blog-masonry-shortcode-id-9e18b0e3a8fadb223654a40b9b50c7b2.centered-layout-list .post-entry-title-content {\n    -ms-flex-order: 1;\n    order: 1;\n    width: 100%;\n    padding: 20px 20px 0;\n  }\n  #page .blog-shortcode.blog-masonry-shortcode-id-9e18b0e3a8fadb223654a40b9b50c7b2.centered-layout-list .post-entry-content {\n    -ms-flex-order: 2;\n    order: 2;\n    padding-top: 0;\n  }\n  #page .blog-shortcode.blog-masonry-shortcode-id-9e18b0e3a8fadb223654a40b9b50c7b2 .fancy-categories {\n    top: 10px;\n    left: 10px;\n    bottom: auto;\n    right: auto;\n  }\n  #page .blog-shortcode.blog-masonry-shortcode-id-9e18b0e3a8fadb223654a40b9b50c7b2 .fancy-date a {\n    top: 10px;\n    right: 10px;\n    left: auto;\n    bottom: auto;\n  }\n  #page .blog-shortcode.blog-masonry-shortcode-id-9e18b0e3a8fadb223654a40b9b50c7b2 .post-entry-content {\n    padding: 20px;\n  }\n  #page .blog-shortcode.blog-masonry-shortcode-id-9e18b0e3a8fadb223654a40b9b50c7b2 .entry-title {\n    margin: 3px 0 5px;\n    font-size: 20px;\n    line-height: 26px;\n  }\n  #page .blog-shortcode.blog-masonry-shortcode-id-9e18b0e3a8fadb223654a40b9b50c7b2 .entry-meta {\n    margin: 5px 0 5px;\n  }\n  #page .blog-shortcode.blog-masonry-shortcode-id-9e18b0e3a8fadb223654a40b9b50c7b2 .entry-excerpt {\n    margin: 15px 0 0;\n  }\n  #page .blog-shortcode.blog-masonry-shortcode-id-9e18b0e3a8fadb223654a40b9b50c7b2 .post-details {\n    margin: 5px 0 10px;\n  }\n  #page .blog-shortcode.blog-masonry-shortcode-id-9e18b0e3a8fadb223654a40b9b50c7b2 .post-details.details-type-link {\n    margin-bottom: 2px;\n  }\n}\n<\/style><div class=\"blog-shortcode blog-masonry-shortcode-id-9e18b0e3a8fadb223654a40b9b50c7b2 mode-masonry classic-layout-list content-bg-on jquery-filter scale-img meta-info-off dt-icon-bg-off resize-by-browser-width loading-effect-none description-under-image \" data-padding=\"15px\" data-cur-page=\"1\" data-post-limit=\"-1\" data-pagination-mode=\"none\" data-desktop-columns-num=\"3\" data-v-tablet-columns-num=\"2\" data-h-tablet-columns-num=\"3\" data-phone-columns-num=\"1\" data-width=\"0px\" data-columns=\"0\"><div class=\"iso-container\" ><div class=\"visible wf-cell iso-item\" data-post-id=\"1846\" data-date=\"2021-11-03T14:26:19+01:00\" data-name=\"Intercambios solidarios en Cuna de la Paz, Salvador\"><article class=\"post project-odd visible post-1846 type-post status-publish format-standard has-post-thumbnail hentry category-noticias category-6\" data-name=\"Intercambios solidarios en Cuna de la Paz, Salvador\" data-date=\"2021-11-03T14:26:19+01:00\">\n\n<div class=\"post-thumbnail-wrap\">\n\t<div class=\"post-thumbnail\">\n\t\t\n\t\t\n\t\t<a href=\"http:\/\/www.accion-habitat.org\/es\/echanges-solidaires-a-cuna-de-la-paz-salvador\/\" class=\"post-thumbnail-rollover layzr-bg layzr-bg\" ><img class=\"iso-lazy-load preload-me iso-lazy-load aspect\" src=\"data:image\/svg+xml,%3Csvg%20xmlns%3D&#39;http%3A%2F%2Fwww.w3.org%2F2000%2Fsvg&#39;%20viewBox%3D&#39;0%200%20768%20512&#39;%2F%3E\" data-src=\"http:\/\/www.accion-habitat.org\/wp-content\/uploads\/2021\/11\/242264437_1051590938920640_559618960009798118_n-e1635865108822-1-768x512.jpg\" data-srcset=\"http:\/\/www.accion-habitat.org\/wp-content\/uploads\/2021\/11\/242264437_1051590938920640_559618960009798118_n-e1635865108822-1-768x512.jpg 768w, http:\/\/www.accion-habitat.org\/wp-content\/uploads\/2021\/11\/242264437_1051590938920640_559618960009798118_n-e1635865108822-1-870x580.jpg 870w\" loading=\"eager\" style=\"--ratio: 768 \/ 512\" sizes=\"(max-width: 768px) 100vw, 768px\" alt=\"\" title=\"242264437_1051590938920640_559618960009798118_n-e1635865108822\" width=\"768\" height=\"512\"  \/><\/a>\t<\/div>\n<\/div>\n\n\n<div class=\"post-entry-content\">\n\n\t<h3 class=\"entry-title\">\n\t\t<a href=\"http:\/\/www.accion-habitat.org\/es\/echanges-solidaires-a-cuna-de-la-paz-salvador\/\" title=\"Intercambios solidarios en Cuna de la Paz, Salvador\" rel=\"bookmark\">Intercambios solidarios en Cuna de la Paz, Salvador<\/a>\n\t<\/h3>\n\n\t\n\t<div class=\"entry-excerpt\"><p>J\u00f3venes y mujeres de Potrerillo y Yomo apoyan las cooperativas en Cuna de la Paz\u2026<\/p>\n<\/div>\n\t\n<a href=\"http:\/\/www.accion-habitat.org\/es\/echanges-solidaires-a-cuna-de-la-paz-salvador\/\" class=\"post-details details-type-link\" aria-label=\"Read more about Intercambios solidarios en Cuna de la Paz, Salvador\">Ver m\u00e1s<i class=\"dt-icon-the7-arrow-03\" aria-hidden=\"true\"><\/i><\/a>\n\n<\/div><\/article><\/div><div class=\"visible wf-cell iso-item\" data-post-id=\"142\" data-date=\"2019-05-14T00:59:35+02:00\" data-name=\"Seminario Internacional en El Salvador\"><article class=\"post project-odd visible post-142 type-post status-publish format-standard has-post-thumbnail hentry category-noticias category-6\" data-name=\"Seminario Internacional en El Salvador\" data-date=\"2019-05-14T00:59:35+02:00\">\n\n<div class=\"post-thumbnail-wrap\">\n\t<div class=\"post-thumbnail\">\n\t\t\n\t\t\n\t\t<a href=\"http:\/\/www.accion-habitat.org\/es\/colloque-salvador\/\" class=\"post-thumbnail-rollover layzr-bg layzr-bg\" ><img class=\"iso-lazy-load preload-me iso-lazy-load aspect\" src=\"data:image\/svg+xml,%3Csvg%20xmlns%3D&#39;http%3A%2F%2Fwww.w3.org%2F2000%2Fsvg&#39;%20viewBox%3D&#39;0%200%20397%20265&#39;%2F%3E\" data-src=\"http:\/\/www.accion-habitat.org\/wp-content\/uploads\/2019\/05\/Stephane-ETIENNE_Salvador_Colloque-11-V-397x265.jpg\" data-srcset=\"http:\/\/www.accion-habitat.org\/wp-content\/uploads\/2019\/05\/Stephane-ETIENNE_Salvador_Colloque-11-V-397x265.jpg 397w\" loading=\"eager\" style=\"--ratio: 397 \/ 265\" sizes=\"(max-width: 397px) 100vw, 397px\" alt=\"\"  width=\"397\" height=\"265\"  \/><\/a>\t<\/div>\n<\/div>\n\n\n<div class=\"post-entry-content\">\n\n\t<h3 class=\"entry-title\">\n\t\t<a href=\"http:\/\/www.accion-habitat.org\/es\/colloque-salvador\/\" title=\"Seminario Internacional en El Salvador\" rel=\"bookmark\">Seminario Internacional en El Salvador<\/a>\n\t<\/h3>\n\n\t\n\t<div class=\"entry-excerpt\"><p>Octubre 2018, mujeres constructoras al honor. Poner los pies en el lodo para construir&#8230;<\/p>\n<\/div>\n\t\n<a href=\"http:\/\/www.accion-habitat.org\/es\/colloque-salvador\/\" class=\"post-details details-type-link\" aria-label=\"Read more about Seminario Internacional en El Salvador\">Ver m\u00e1s<i class=\"dt-icon-the7-arrow-03\" aria-hidden=\"true\"><\/i><\/a>\n\n<\/div><\/article><\/div><div class=\"visible wf-cell iso-item\" data-post-id=\"139\" data-date=\"2019-05-11T00:58:27+02:00\" data-name=\"Congreso &quot;H\u00e1bitat, Migraci\u00f3n y Justicia Restaurativa&quot;\"><article class=\"post project-odd visible post-139 type-post status-publish format-standard has-post-thumbnail hentry category-noticias category-6\" data-name=\"Congreso \u00abH\u00e1bitat, Migraci\u00f3n y Justicia Restaurativa\u00bb\" data-date=\"2019-05-11T00:58:27+02:00\">\n\n<div class=\"post-thumbnail-wrap\">\n\t<div class=\"post-thumbnail\">\n\t\t\n\t\t\n\t\t<a href=\"http:\/\/www.accion-habitat.org\/es\/congres-habitat\/\" class=\"post-thumbnail-rollover layzr-bg layzr-bg\" ><img class=\"iso-lazy-load preload-me iso-lazy-load aspect\" src=\"data:image\/svg+xml,%3Csvg%20xmlns%3D&#39;http%3A%2F%2Fwww.w3.org%2F2000%2Fsvg&#39;%20viewBox%3D&#39;0%200%20400%20266&#39;%2F%3E\" data-src=\"http:\/\/www.accion-habitat.org\/wp-content\/uploads\/2019\/05\/Congreso-FUNDASAL-V.jpg\" data-srcset=\"http:\/\/www.accion-habitat.org\/wp-content\/uploads\/2019\/05\/Congreso-FUNDASAL-V.jpg 400w\" loading=\"eager\" style=\"--ratio: 400 \/ 266\" sizes=\"(max-width: 400px) 100vw, 400px\" alt=\"\"  width=\"400\" height=\"266\"  \/><\/a>\t<\/div>\n<\/div>\n\n\n<div class=\"post-entry-content\">\n\n\t<h3 class=\"entry-title\">\n\t\t<a href=\"http:\/\/www.accion-habitat.org\/es\/congres-habitat\/\" title=\"Congreso \u00abH\u00e1bitat, Migraci\u00f3n y Justicia Restaurativa\u00bb\" rel=\"bookmark\">Congreso \u00abH\u00e1bitat, Migraci\u00f3n y Justicia Restaurativa\u00bb<\/a>\n\t<\/h3>\n\n\t\n\t<div class=\"entry-excerpt\"><p>El 5\u00b0 Congreso \u00abH\u00e1bitat, Migraci\u00f3n y Justicia Restaurativa\u00bb del 26 al 29\/09\/2018&#8230;<\/p>\n<\/div>\n\t\n<a href=\"http:\/\/www.accion-habitat.org\/es\/congres-habitat\/\" class=\"post-details details-type-link\" aria-label=\"Read more about Congreso \u00abH\u00e1bitat, Migraci\u00f3n y Justicia Restaurativa\u00bb\">Ver m\u00e1s<i class=\"dt-icon-the7-arrow-03\" aria-hidden=\"true\"><\/i><\/a>\n\n<\/div><\/article><\/div><div class=\"visible wf-cell iso-item\" data-post-id=\"136\" data-date=\"2019-05-08T23:03:19+02:00\" data-name=\"F\u00f3rum Mundial Convergences\"><article class=\"post project-odd visible post-136 type-post status-publish format-standard has-post-thumbnail hentry category-noticias category-6\" data-name=\"F\u00f3rum Mundial Convergences\" data-date=\"2019-05-08T23:03:19+02:00\">\n\n<div class=\"post-thumbnail-wrap\">\n\t<div class=\"post-thumbnail\">\n\t\t\n\t\t\n\t\t<a href=\"http:\/\/www.accion-habitat.org\/es\/forum-mondial-convergences\/\" class=\"post-thumbnail-rollover layzr-bg layzr-bg\" ><img class=\"iso-lazy-load preload-me iso-lazy-load aspect\" src=\"data:image\/svg+xml,%3Csvg%20xmlns%3D&#39;http%3A%2F%2Fwww.w3.org%2F2000%2Fsvg&#39;%20viewBox%3D&#39;0%200%20400%20266&#39;%2F%3E\" data-src=\"http:\/\/www.accion-habitat.org\/wp-content\/uploads\/2019\/05\/Visuel-appel-a-contributions-2-V.jpg\" data-srcset=\"http:\/\/www.accion-habitat.org\/wp-content\/uploads\/2019\/05\/Visuel-appel-a-contributions-2-V.jpg 400w\" loading=\"eager\" style=\"--ratio: 400 \/ 266\" sizes=\"(max-width: 400px) 100vw, 400px\" alt=\"\"  width=\"400\" height=\"266\"  \/><\/a>\t<\/div>\n<\/div>\n\n\n<div class=\"post-entry-content\">\n\n\t<h3 class=\"entry-title\">\n\t\t<a href=\"http:\/\/www.accion-habitat.org\/es\/forum-mondial-convergences\/\" title=\"F\u00f3rum Mundial Convergences\" rel=\"bookmark\">F\u00f3rum Mundial Convergences<\/a>\n\t<\/h3>\n\n\t\n\t<div class=\"entry-excerpt\"><p>\u00ab Hacer la sociedad, crear el ma\u00f1ana \u00bb en Par\u00eds. Los 3 y 4 de Septiembre 2018. Habitat-Cite y Fundasal participaron al onceavo F\u00f3rum Mundial&#8230;<\/p>\n<\/div>\n\t\n<a href=\"http:\/\/www.accion-habitat.org\/es\/forum-mondial-convergences\/\" class=\"post-details details-type-link\" aria-label=\"Read more about F\u00f3rum Mundial Convergences\">Ver m\u00e1s<i class=\"dt-icon-the7-arrow-03\" aria-hidden=\"true\"><\/i><\/a>\n\n<\/div><\/article><\/div><\/div><!-- iso-container|iso-grid --><\/div>[\/vc_column][\/vc_row]<\/p>\n<\/div>","protected":false},"excerpt":{"rendered":"<p>[vc_row][vc_column][\/vc_column][\/vc_row]<\/p>\n","protected":false},"author":1,"featured_media":0,"parent":0,"menu_order":0,"comment_status":"closed","ping_status":"closed","template":"","meta":[],"yoast_head":"<!-- This site is optimized with the Yoast SEO plugin v17.5 - https:\/\/yoast.com\/wordpress\/plugins\/seo\/ -->\n<title>Noticias \/ Agenda - Action pour l&#039;habitat | Acci\u00f3n por el h\u00e1bitat<\/title>\n<meta name=\"robots\" content=\"index, follow, max-snippet:-1, max-image-preview:large, max-video-preview:-1\" \/>\n<link rel=\"canonical\" href=\"http:\/\/www.accion-habitat.org\/es\/actualites-agenda\/\" \/>\n<meta property=\"og:locale\" content=\"es_ES\" \/>\n<meta property=\"og:type\" content=\"article\" \/>\n<meta property=\"og:title\" content=\"Noticias \/ Agenda - Action pour l&#039;habitat | Acci\u00f3n por el h\u00e1bitat\" \/>\n<meta property=\"og:description\" content=\"[vc_row][vc_column][\/vc_column][\/vc_row]\" \/>\n<meta property=\"og:url\" content=\"http:\/\/www.accion-habitat.org\/es\/actualites-agenda\/\" \/>\n<meta property=\"og:site_name\" content=\"Action pour l&#039;habitat | Acci\u00f3n por el h\u00e1bitat\" \/>\n<meta property=\"article:modified_time\" content=\"2019-07-05T11:26:17+00:00\" \/>\n<meta name=\"twitter:card\" content=\"summary_large_image\" \/>\n<script type=\"application\/ld+json\" class=\"yoast-schema-graph\">{\"@context\":\"https:\/\/schema.org\",\"@graph\":[{\"@type\":\"WebSite\",\"@id\":\"http:\/\/www.accion-habitat.org\/ht\/#website\",\"url\":\"http:\/\/www.accion-habitat.org\/ht\/\",\"name\":\"Action pour l&#039;habitat | Acci\\u00f3n por el h\\u00e1bitat\",\"description\":\"intercambiar para cambiar | \\u00e9changer pour changer\",\"potentialAction\":[{\"@type\":\"SearchAction\",\"target\":{\"@type\":\"EntryPoint\",\"urlTemplate\":\"http:\/\/www.accion-habitat.org\/ht\/?s={search_term_string}\"},\"query-input\":\"required name=search_term_string\"}],\"inLanguage\":\"es\"},{\"@type\":\"WebPage\",\"@id\":\"http:\/\/www.accion-habitat.org\/es\/actualites-agenda\/#webpage\",\"url\":\"http:\/\/www.accion-habitat.org\/es\/actualites-agenda\/\",\"name\":\"Noticias \/ Agenda - Action pour l&#039;habitat | Acci\\u00f3n por el h\\u00e1bitat\",\"isPartOf\":{\"@id\":\"http:\/\/www.accion-habitat.org\/ht\/#website\"},\"datePublished\":\"2019-05-09T22:50:26+00:00\",\"dateModified\":\"2019-07-05T11:26:17+00:00\",\"breadcrumb\":{\"@id\":\"http:\/\/www.accion-habitat.org\/es\/actualites-agenda\/#breadcrumb\"},\"inLanguage\":\"es\",\"potentialAction\":[{\"@type\":\"ReadAction\",\"target\":[\"http:\/\/www.accion-habitat.org\/es\/actualites-agenda\/\"]}]},{\"@type\":\"BreadcrumbList\",\"@id\":\"http:\/\/www.accion-habitat.org\/es\/actualites-agenda\/#breadcrumb\",\"itemListElement\":[{\"@type\":\"ListItem\",\"position\":1,\"name\":\"Accueil\",\"item\":\"http:\/\/www.accion-habitat.org\/es\/\"},{\"@type\":\"ListItem\",\"position\":2,\"name\":\"Noticias \/ Agenda\"}]}]}<\/script>\n<!-- \/ Yoast SEO plugin. -->","yoast_head_json":{"title":"Noticias \/ Agenda - Action pour l&#039;habitat | Acci\u00f3n por el h\u00e1bitat","robots":{"index":"index","follow":"follow","max-snippet":"max-snippet:-1","max-image-preview":"max-image-preview:large","max-video-preview":"max-video-preview:-1"},"canonical":"http:\/\/www.accion-habitat.org\/es\/actualites-agenda\/","og_locale":"es_ES","og_type":"article","og_title":"Noticias \/ Agenda - Action pour l&#039;habitat | Acci\u00f3n por el h\u00e1bitat","og_description":"[vc_row][vc_column][\/vc_column][\/vc_row]","og_url":"http:\/\/www.accion-habitat.org\/es\/actualites-agenda\/","og_site_name":"Action pour l&#039;habitat | Acci\u00f3n por el h\u00e1bitat","article_modified_time":"2019-07-05T11:26:17+00:00","twitter_card":"summary_large_image","schema":{"@context":"https:\/\/schema.org","@graph":[{"@type":"WebSite","@id":"http:\/\/www.accion-habitat.org\/ht\/#website","url":"http:\/\/www.accion-habitat.org\/ht\/","name":"Action pour l&#039;habitat | Acci\u00f3n por el h\u00e1bitat","description":"intercambiar para cambiar | \u00e9changer pour changer","potentialAction":[{"@type":"SearchAction","target":{"@type":"EntryPoint","urlTemplate":"http:\/\/www.accion-habitat.org\/ht\/?s={search_term_string}"},"query-input":"required name=search_term_string"}],"inLanguage":"es"},{"@type":"WebPage","@id":"http:\/\/www.accion-habitat.org\/es\/actualites-agenda\/#webpage","url":"http:\/\/www.accion-habitat.org\/es\/actualites-agenda\/","name":"Noticias \/ Agenda - Action pour l&#039;habitat | Acci\u00f3n por el h\u00e1bitat","isPartOf":{"@id":"http:\/\/www.accion-habitat.org\/ht\/#website"},"datePublished":"2019-05-09T22:50:26+00:00","dateModified":"2019-07-05T11:26:17+00:00","breadcrumb":{"@id":"http:\/\/www.accion-habitat.org\/es\/actualites-agenda\/#breadcrumb"},"inLanguage":"es","potentialAction":[{"@type":"ReadAction","target":["http:\/\/www.accion-habitat.org\/es\/actualites-agenda\/"]}]},{"@type":"BreadcrumbList","@id":"http:\/\/www.accion-habitat.org\/es\/actualites-agenda\/#breadcrumb","itemListElement":[{"@type":"ListItem","position":1,"name":"Accueil","item":"http:\/\/www.accion-habitat.org\/es\/"},{"@type":"ListItem","position":2,"name":"Noticias \/ Agenda"}]}]}},"_links":{"self":[{"href":"http:\/\/www.accion-habitat.org\/es\/wp-json\/wp\/v2\/pages\/64"}],"collection":[{"href":"http:\/\/www.accion-habitat.org\/es\/wp-json\/wp\/v2\/pages"}],"about":[{"href":"http:\/\/www.accion-habitat.org\/es\/wp-json\/wp\/v2\/types\/page"}],"author":[{"embeddable":true,"href":"http:\/\/www.accion-habitat.org\/es\/wp-json\/wp\/v2\/users\/1"}],"replies":[{"embeddable":true,"href":"http:\/\/www.accion-habitat.org\/es\/wp-json\/wp\/v2\/comments?post=64"}],"version-history":[{"count":5,"href":"http:\/\/www.accion-habitat.org\/es\/wp-json\/wp\/v2\/pages\/64\/revisions"}],"predecessor-version":[{"id":541,"href":"http:\/\/www.accion-habitat.org\/es\/wp-json\/wp\/v2\/pages\/64\/revisions\/541"}],"wp:attachment":[{"href":"http:\/\/www.accion-habitat.org\/es\/wp-json\/wp\/v2\/media?parent=64"}],"curies":[{"name":"wp","href":"https:\/\/api.w.org\/{rel}","templated":true}]}}