{"id":55,"date":"2019-05-10T00:17:55","date_gmt":"2019-05-09T22:17:55","guid":{"rendered":"http:\/\/www.accion-habitat.org\/mentions-legales\/"},"modified":"2019-05-10T00:20:55","modified_gmt":"2019-05-09T22:20:55","slug":"mentions-legales","status":"publish","type":"page","link":"http:\/\/www.accion-habitat.org\/es\/mentions-legales\/","title":{"rendered":"Aviso legal"},"content":{"rendered":"<div class=\"wpb-content-wrapper\"><p>[vc_row][vc_column][vc_column_text]<\/p>\n<div class=\"wpb_text_column wpb_content_element \">\n<div class=\"wpb_wrapper\">\n<h4>Propri\u00e9t\u00e9 et publication du site Internet<\/h4>\n<p>Ce site Internet est \u00e9dit\u00e9 par l&#8217;association Habitat-Cit\u00e9<\/p>\n<ul>\n<li>Association loi 1901<\/li>\n<li>Adresse : 62, rue Vergniaud &#8211; 75 013 Paris, France<\/li>\n<li>T\u00e9l : (+33) 01 45 88 71 75<\/li>\n<\/ul>\n<p>Le responsable de la publication de ce site est M. St\u00e9phane Etienne.<br \/>\nLe responsable de la protection des donn\u00e9es personnelles peut \u00eatre contact\u00e9 par email \u00e0 l\u2019adresse : <a href=\"mailto:stephane.etienne@habitat-cite.org\">stephane.etienne@habitat-cite.org<\/a><br \/>\nLe site est h\u00e9berg\u00e9 par la soci\u00e9t\u00e9 IONOS \u00e0 travers 1&amp;1 Internet AG, Allemagne.<\/p>\n<h4>Traitement des informations personnelles<\/h4>\n<p>Habitat-Cit\u00e9 respecte une politique de traitement des donn\u00e9es \u00e0 caract\u00e8re personnel en ad\u00e9quation avec les principes du R\u00e8glement G\u00e9n\u00e9ral sur la Protection des Donn\u00e9es (RGPD).<br \/>\nPour en savoir plus sur notre politique de traitement des donn\u00e9es ou comprendre comment exercer vos droits, rendez-vous sur notre page d\u00e9di\u00e9e au traitement des donn\u00e9es personnelles<\/p>\n<p>Le responsable de traitement des donn\u00e9es \u00e0 caract\u00e8re personnel recueillies sur ce site est Habitat-Cit\u00e9.<\/p>\n<p>Les informations recueillies via nos formulaires de contact sont destin\u00e9es exclusivement \u00e0 l&#8217;association Habitat-Cit\u00e9, elles ne seront ni vendues ni transmises \u00e0 des tiers.<\/p>\n<h4>Cookie<\/h4>\n<p>Les cookies sont des fichiers permettant \u00e0 notre site internet de fonctionner correctement et d\u2019am\u00e9liorer son interactivit\u00e9. Voici la liste des cookies utilis\u00e9es sur ce site :<\/p>\n<ul>\n<li>Les cookies n\u00e9cessaires au bon fonctionnement du site : certains cookies sont n\u00e9cessaires pour assurer le bon fonctionnement des services d\u2019un site internet et fournir une meilleure utilisation du site (ex : pr\u00e9f\u00e9rences d\u2019affichage ou de navigation).<\/li>\n<li>Les cookies r\u00e9seaux sociaux : ils permettent le suivi et la comptabilisation des \u00ab Likes \u00bb et \u00ab Partages \u00bb sur les r\u00e9seaux sociaux Facebook, Twitter, LinkedIn, Google + sur ce site.<\/li>\n<li>Les cookies Vid\u00e9o : ils sont utilis\u00e9s par Google pour suivre l\u2019audience des vid\u00e9os post\u00e9es sur sa plateforme YouTube et int\u00e9gr\u00e9es dans notre site.<\/li>\n<\/ul>\n<p>Conform\u00e9ment aux dispositions du R\u00e8glement G\u00e9n\u00e9ral sur la Protection des Donn\u00e9es (RGPD), vous avez la possibilit\u00e9 d\u2019autoriser ou d\u2019interdire les cookies. L\u2019acceptation ou le refus des cookies vous est propos\u00e9 lors de votre premi\u00e8re connexion sur notre site. L\u2019acceptation des cookies se fait en cliquant sur \u00ab OK, tout accepter \u00bb dans le bandeau d\u2019information ou en poursuivant votre navigation sur le site. Vous pouvez \u00e0 tout moment revenir sur votre choix en vous rendant sur le gestionnaire de cookies mis en place sur le site.<\/p>\n<h4>Droits d\u2019auteur \u2013 copyright<\/h4>\n<p>L\u2019ensemble de ce site rel\u00e8ve de la l\u00e9gislation fran\u00e7aise et internationale sur le droit d\u2019auteur est la propri\u00e9t\u00e9 intellectuelle. Tous les droits de reproduction sont r\u00e9serv\u00e9s \u00e0 Habitat-Cit\u00e9, y compris pour les documents t\u00e9l\u00e9chargeables et les repr\u00e9sentations iconographiques et photographiques. La reproduction de tout ou partie de ce site sur quel que support que ce soit est formellement interdite sauf autorisation expresse du directeur de la publication.<\/p>\n<p>Habitat-Cit\u00e9 utilise sur ce site des photographies dont les droits d\u2019utilisation ont \u00e9t\u00e9 d\u00fbment acquis aupr\u00e8s des photographes. La r\u00e9f\u00e9rence de l\u2019ayant-droit est stipul\u00e9e dans l\u2019image \u00e0 chaque fois que possible, en fonction de l\u2019espace disponible.<\/p>\n<h4>Responsabilit\u00e9<\/h4>\n<p>Les \u00e9diteurs et les auteurs du site www.accion-habitat.org ne sauraient \u00eatre tenus responsables des erreurs ou omissions dans les informations diffus\u00e9es ou des probl\u00e8mes techniques rencontr\u00e9s sur le site et sur tous les autres sites vers lesquels nous \u00e9tablissons des liens, ou de toute interpr\u00e9tation des informations publi\u00e9es sur ces sites, ainsi que des cons\u00e9quences de leur utilisation.<\/p>\n<h4>Mise \u00e0 jour et contenu<\/h4>\n<p>Habitat-Cit\u00e9 se r\u00e9serve le droit de modifier le contenu de ce site \u00e0 tout moment et sans pr\u00e9avis.<\/p>\n<h4>Liens vers d\u2019autres sites internet<\/h4>\n<p>Ce site contient des liens vers des sites Internet de tiers. Habitat-Cit\u00e9 d\u00e9cline toute responsabilit\u00e9 concernant les contenus, les produits, prestations et autres offres qui y sont pr\u00e9sent\u00e9s, ainsi que le respect des dispositions relatives \u00e0 la protection des donn\u00e9es.<\/p>\n<\/div>\n<\/div>\n<p>[\/vc_column_text][\/vc_column][\/vc_row]<\/p>\n<\/div>","protected":false},"excerpt":{"rendered":"<p>[vc_row][vc_column][vc_column_text] Propri\u00e9t\u00e9 et publication du site Internet Ce site Internet est \u00e9dit\u00e9 par l&#8217;association Habitat-Cit\u00e9 Association loi 1901 Adresse : 62, rue Vergniaud &#8211; 75 013 Paris, France T\u00e9l : (+33) 01 45 88 71 75 Le responsable de la publication de ce site est M. St\u00e9phane Etienne. Le responsable de la protection des donn\u00e9es&hellip;<\/p>\n","protected":false},"author":1,"featured_media":0,"parent":0,"menu_order":0,"comment_status":"closed","ping_status":"closed","template":"","meta":[],"yoast_head":"<!-- This site is optimized with the Yoast SEO plugin v17.5 - https:\/\/yoast.com\/wordpress\/plugins\/seo\/ -->\n<title>Aviso legal - Action pour l&#039;habitat | Acci\u00f3n por el h\u00e1bitat<\/title>\n<meta name=\"robots\" content=\"index, follow, max-snippet:-1, max-image-preview:large, max-video-preview:-1\" \/>\n<link rel=\"canonical\" href=\"http:\/\/www.accion-habitat.org\/es\/mentions-legales\/\" \/>\n<meta property=\"og:locale\" content=\"es_ES\" \/>\n<meta property=\"og:type\" content=\"article\" \/>\n<meta property=\"og:title\" content=\"Aviso legal - Action pour l&#039;habitat | Acci\u00f3n por el h\u00e1bitat\" \/>\n<meta property=\"og:description\" content=\"[vc_row][vc_column][vc_column_text] Propri\u00e9t\u00e9 et publication du site Internet Ce site Internet est \u00e9dit\u00e9 par l&#8217;association Habitat-Cit\u00e9 Association loi 1901 Adresse : 62, rue Vergniaud &#8211; 75 013 Paris, France T\u00e9l : (+33) 01 45 88 71 75 Le responsable de la publication de ce site est M. St\u00e9phane Etienne. Le responsable de la protection des donn\u00e9es&hellip;\" \/>\n<meta property=\"og:url\" content=\"http:\/\/www.accion-habitat.org\/es\/mentions-legales\/\" \/>\n<meta property=\"og:site_name\" content=\"Action pour l&#039;habitat | Acci\u00f3n por el h\u00e1bitat\" \/>\n<meta property=\"article:modified_time\" content=\"2019-05-09T22:20:55+00:00\" \/>\n<meta name=\"twitter:card\" content=\"summary_large_image\" \/>\n<meta name=\"twitter:label1\" content=\"Tiempo de lectura\" \/>\n\t<meta name=\"twitter:data1\" content=\"3 minutos\" \/>\n<script type=\"application\/ld+json\" class=\"yoast-schema-graph\">{\"@context\":\"https:\/\/schema.org\",\"@graph\":[{\"@type\":\"WebSite\",\"@id\":\"http:\/\/www.accion-habitat.org\/#website\",\"url\":\"http:\/\/www.accion-habitat.org\/\",\"name\":\"Action pour l&#039;habitat | Acci\\u00f3n por el h\\u00e1bitat\",\"description\":\"intercambiar para cambiar | \\u00e9changer pour changer\",\"potentialAction\":[{\"@type\":\"SearchAction\",\"target\":{\"@type\":\"EntryPoint\",\"urlTemplate\":\"http:\/\/www.accion-habitat.org\/?s={search_term_string}\"},\"query-input\":\"required name=search_term_string\"}],\"inLanguage\":\"es\"},{\"@type\":\"WebPage\",\"@id\":\"http:\/\/www.accion-habitat.org\/es\/mentions-legales\/#webpage\",\"url\":\"http:\/\/www.accion-habitat.org\/es\/mentions-legales\/\",\"name\":\"Aviso legal - Action pour l&#039;habitat | Acci\\u00f3n por el h\\u00e1bitat\",\"isPartOf\":{\"@id\":\"http:\/\/www.accion-habitat.org\/#website\"},\"datePublished\":\"2019-05-09T22:17:55+00:00\",\"dateModified\":\"2019-05-09T22:20:55+00:00\",\"breadcrumb\":{\"@id\":\"http:\/\/www.accion-habitat.org\/es\/mentions-legales\/#breadcrumb\"},\"inLanguage\":\"es\",\"potentialAction\":[{\"@type\":\"ReadAction\",\"target\":[\"http:\/\/www.accion-habitat.org\/es\/mentions-legales\/\"]}]},{\"@type\":\"BreadcrumbList\",\"@id\":\"http:\/\/www.accion-habitat.org\/es\/mentions-legales\/#breadcrumb\",\"itemListElement\":[{\"@type\":\"ListItem\",\"position\":1,\"name\":\"Accueil\",\"item\":\"https:\/\/www.accion-habitat.org\/es\/\"},{\"@type\":\"ListItem\",\"position\":2,\"name\":\"Aviso legal\"}]}]}<\/script>\n<!-- \/ Yoast SEO plugin. -->","yoast_head_json":{"title":"Aviso legal - Action pour l&#039;habitat | Acci\u00f3n por el h\u00e1bitat","robots":{"index":"index","follow":"follow","max-snippet":"max-snippet:-1","max-image-preview":"max-image-preview:large","max-video-preview":"max-video-preview:-1"},"canonical":"http:\/\/www.accion-habitat.org\/es\/mentions-legales\/","og_locale":"es_ES","og_type":"article","og_title":"Aviso legal - Action pour l&#039;habitat | Acci\u00f3n por el h\u00e1bitat","og_description":"[vc_row][vc_column][vc_column_text] Propri\u00e9t\u00e9 et publication du site Internet Ce site Internet est \u00e9dit\u00e9 par l&#8217;association Habitat-Cit\u00e9 Association loi 1901 Adresse : 62, rue Vergniaud &#8211; 75 013 Paris, France T\u00e9l : (+33) 01 45 88 71 75 Le responsable de la publication de ce site est M. St\u00e9phane Etienne. Le responsable de la protection des donn\u00e9es&hellip;","og_url":"http:\/\/www.accion-habitat.org\/es\/mentions-legales\/","og_site_name":"Action pour l&#039;habitat | Acci\u00f3n por el h\u00e1bitat","article_modified_time":"2019-05-09T22:20:55+00:00","twitter_card":"summary_large_image","twitter_misc":{"Tiempo de lectura":"3 minutos"},"schema":{"@context":"https:\/\/schema.org","@graph":[{"@type":"WebSite","@id":"http:\/\/www.accion-habitat.org\/#website","url":"http:\/\/www.accion-habitat.org\/","name":"Action pour l&#039;habitat | Acci\u00f3n por el h\u00e1bitat","description":"intercambiar para cambiar | \u00e9changer pour changer","potentialAction":[{"@type":"SearchAction","target":{"@type":"EntryPoint","urlTemplate":"http:\/\/www.accion-habitat.org\/?s={search_term_string}"},"query-input":"required name=search_term_string"}],"inLanguage":"es"},{"@type":"WebPage","@id":"http:\/\/www.accion-habitat.org\/es\/mentions-legales\/#webpage","url":"http:\/\/www.accion-habitat.org\/es\/mentions-legales\/","name":"Aviso legal - Action pour l&#039;habitat | Acci\u00f3n por el h\u00e1bitat","isPartOf":{"@id":"http:\/\/www.accion-habitat.org\/#website"},"datePublished":"2019-05-09T22:17:55+00:00","dateModified":"2019-05-09T22:20:55+00:00","breadcrumb":{"@id":"http:\/\/www.accion-habitat.org\/es\/mentions-legales\/#breadcrumb"},"inLanguage":"es","potentialAction":[{"@type":"ReadAction","target":["http:\/\/www.accion-habitat.org\/es\/mentions-legales\/"]}]},{"@type":"BreadcrumbList","@id":"http:\/\/www.accion-habitat.org\/es\/mentions-legales\/#breadcrumb","itemListElement":[{"@type":"ListItem","position":1,"name":"Accueil","item":"https:\/\/www.accion-habitat.org\/es\/"},{"@type":"ListItem","position":2,"name":"Aviso legal"}]}]}},"_links":{"self":[{"href":"http:\/\/www.accion-habitat.org\/es\/wp-json\/wp\/v2\/pages\/55"}],"collection":[{"href":"http:\/\/www.accion-habitat.org\/es\/wp-json\/wp\/v2\/pages"}],"about":[{"href":"http:\/\/www.accion-habitat.org\/es\/wp-json\/wp\/v2\/types\/page"}],"author":[{"embeddable":true,"href":"http:\/\/www.accion-habitat.org\/es\/wp-json\/wp\/v2\/users\/1"}],"replies":[{"embeddable":true,"href":"http:\/\/www.accion-habitat.org\/es\/wp-json\/wp\/v2\/comments?post=55"}],"version-history":[{"count":1,"href":"http:\/\/www.accion-habitat.org\/es\/wp-json\/wp\/v2\/pages\/55\/revisions"}],"predecessor-version":[{"id":56,"href":"http:\/\/www.accion-habitat.org\/es\/wp-json\/wp\/v2\/pages\/55\/revisions\/56"}],"wp:attachment":[{"href":"http:\/\/www.accion-habitat.org\/es\/wp-json\/wp\/v2\/media?parent=55"}],"curies":[{"name":"wp","href":"https:\/\/api.w.org\/{rel}","templated":true}]}}